{"id":82,"date":"2017-12-19T08:19:40","date_gmt":"2017-12-19T08:19:40","guid":{"rendered":"http:\/\/tallervitar.es\/?page_id=82"},"modified":"2018-03-13T15:00:34","modified_gmt":"2018-03-13T15:00:34","slug":"acreditaciones","status":"publish","type":"page","link":"https:\/\/tallervitar.es\/ca\/acreditaciones","title":{"rendered":"Acreditacions"},"content":{"rendered":"<p>[et_pb_section fb_built=\u00bb1&#8243; background_color=\u00bbrgba(5,38,89,0.43)\u00bb inner_shadow=\u00bbon\u00bb admin_label=\u00bbsection\u00bb custom_padding_last_edited=\u00bbon|phone\u00bb _builder_version=\u00bb3.0.97&#8243; background_image=\u00bbhttps:\/\/tallervitar.es\/wp-content\/uploads\/fondo-acreditaciones.jpg\u00bb background_position=\u00bbtop_left\u00bb background_blend=\u00bbsoft-light\u00bb][et_pb_row use_custom_width=\u00bbon\u00bb custom_width_px=\u00bb1600px\u00bb parallax_method_1=\u00bboff\u00bb admin_label=\u00bbrow\u00bb _builder_version=\u00bb3.0.47&#8243; background_image=\u00bbhttps:\/\/tallervitar.es\/wp-content\/uploads\/bg.png\u00bb background_size=\u00bbinitial\u00bb background_position=\u00bbtop_left\u00bb background_repeat=\u00bbrepeat\u00bb][et_pb_column type=\u00bb4_4&#8243; _builder_version=\u00bb3.0.47&#8243; parallax=\u00bboff\u00bb parallax_method=\u00bboff\u00bb][et_pb_cta title=\u00bbACREDITACIONES\u00bb use_background_color=\u00bboff\u00bb _builder_version=\u00bb3.0.97&#8243; header_font=\u00bbLato||||\u00bb header_font_size=\u00bb90&#8243; header_font_size_tablet=\u00bb70&#8243; header_font_size_phone=\u00bb30&#8243; header_font_size_last_edited=\u00bbon|phone\u00bb header_line_height=\u00bb1.2em\u00bb body_font=\u00bb|on||on|\u00bb body_font_size=\u00bb26&#8243; body_font_size_tablet=\u00bb24&#8243; body_font_size_phone=\u00bb18&#8243; body_font_size_last_edited=\u00bbon|phone\u00bb background_size=\u00bbinitial\u00bb background_position=\u00bbtop_left\u00bb background_repeat=\u00bbrepeat\u00bb text_orientation=\u00bbleft\u00bb custom_padding=\u00bb60px||60px|100px\u00bb custom_button=\u00bbon\u00bb button_bg_color=\u00bb#0c71c3&#8243; button_on_hover=\u00bboff\u00bb custom_css_promo_title=\u00bbtext-transform: none;||font-weight: 300;\u00bb use_border_color=\u00bboff\u00bb]Nuestras acreditaciones<br \/>\n[\/et_pb_cta][\/et_pb_column][\/et_pb_row][\/et_pb_section][et_pb_section fb_built=\u00bb1&#8243; custom_padding_last_edited=\u00bbon|phone\u00bb _builder_version=\u00bb3.0.92&#8243; background_image=\u00bbhttps:\/\/tallervitar.es\/wp-content\/uploads\/logistic-map.png\u00bb custom_padding=\u00bb35px||49px|\u00bb custom_padding_tablet=\u00bb100px||100px|\u00bb custom_padding_phone=\u00bb60px||60px|\u00bb custom_css_main_element=\u00bbbackground-size:contain;\u00bb][et_pb_row use_custom_width=\u00bbon\u00bb custom_width_px=\u00bb1400px\u00bb use_custom_gutter=\u00bbon\u00bb gutter_width=\u00bb4&#8243; parallax_method_1=\u00bboff\u00bb parallax_method_2=\u00bboff\u00bb parallax_method_3=\u00bboff\u00bb parallax_method_4=\u00bboff\u00bb _builder_version=\u00bb3.0.47&#8243; background_size=\u00bbinitial\u00bb background_position=\u00bbtop_left\u00bb background_repeat=\u00bbrepeat\u00bb][et_pb_column type=\u00bb1_4&#8243; _builder_version=\u00bb3.0.47&#8243; parallax=\u00bboff\u00bb parallax_method=\u00bboff\u00bb][\/et_pb_column][et_pb_column type=\u00bb1_2&#8243; _builder_version=\u00bb3.0.47&#8243; parallax=\u00bboff\u00bb parallax_method=\u00bboff\u00bb][et_pb_blurb title=\u00bbAcreditaciones Taller Vitar\u00bb use_icon=\u00bbon\u00bb font_icon=\u00bb%%110%%\u00bb icon_color=\u00bb#203149&#8243; use_icon_font_size=\u00bbon\u00bb icon_font_size=\u00bb60px\u00bb _builder_version=\u00bb3.0.97&#8243; header_font=\u00bb|700|||||||\u00bb header_font_size=\u00bb27px\u00bb header_text_color=\u00bb#203149&#8243; header_line_height=\u00bb1.5em\u00bb body_font_size=\u00bb15&#8243; body_text_color=\u00bb#686f7d\u00bb body_line_height=\u00bb1.6em\u00bb background_size=\u00bbinitial\u00bb background_position=\u00bbtop_left\u00bb background_repeat=\u00bbrepeat\u00bb max_width_tablet=\u00bb50px\u00bb custom_padding=\u00bb|50px||\u00bb custom_padding_tablet=\u00bb|20px||\u00bb custom_padding_phone=\u00bb|10px||\u00bb custom_padding_last_edited=\u00bbon|phone\u00bb custom_css_blurb_image=\u00bbtext-align: left;||margin-bottom: 10px;\u00bb]<\/p>\n<p>Taller Vitar se halla inscrita en el <strong>Registro de Agentes de Seguridad Industrial\u00a0<\/strong> como:<\/p>\n<ul>\n<li>Empresa reparadora de equipos a presi\u00f3n y ADR de categor\u00eda ERP-2<\/li>\n<li>Empresa instaladora de equipos a presi\u00f3n de categor\u00eda EIP-2<\/li>\n<\/ul>\n<p>Con el n\u00famero de registros <strong><u>RASIC-005006118<\/u><\/strong><\/p>\n<p>[\/et_pb_blurb][\/et_pb_column][et_pb_column type=\u00bb1_4&#8243; _builder_version=\u00bb3.0.47&#8243; parallax=\u00bboff\u00bb parallax_method=\u00bboff\u00bb][\/et_pb_column][\/et_pb_row][\/et_pb_section][et_pb_section fb_built=\u00bb1&#8243; background_color=\u00bb#203149&#8243; _builder_version=\u00bb3.0.92&#8243; background_image=\u00bbhttps:\/\/tallervitar.es\/wp-content\/uploads\/map-02.png\u00bb parallax=\u00bbon\u00bb custom_padding=\u00bb60px||58px|\u00bb custom_css_main_element=\u00bbbackground-size:contain;\u00bb global_module=\u00bb714&#8243;][et_pb_row _builder_version=\u00bb3.0.92&#8243;][et_pb_column type=\u00bb1_4&#8243; _builder_version=\u00bb3.0.47&#8243; parallax=\u00bboff\u00bb parallax_method=\u00bbon\u00bb][et_pb_blurb title=\u00bbHORARIOS\u00bb use_icon=\u00bbon\u00bb font_icon=\u00bb%%227%%\u00bb icon_color=\u00bb#606c7d\u00bb icon_placement=\u00bbleft\u00bb background_layout=\u00bbdark\u00bb _builder_version=\u00bb3.0.92&#8243; header_font=\u00bb|on||on|\u00bb body_text_color=\u00bb#606c7d\u00bb background_size=\u00bbinitial\u00bb background_position=\u00bbtop_left\u00bb background_repeat=\u00bbrepeat\u00bb use_border_color=\u00bboff\u00bb border_color=\u00bb#ffffff\u00bb border_style=\u00bbsolid\u00bb]<\/p>\n<p><span style=\"color: #ffffff;\">Lunes -Viernes:<\/span><\/p>\n<p><span style=\"color: #ffffff;\">\u00a0 9-13 y 15-19<\/span><\/p>\n<p>[\/et_pb_blurb][\/et_pb_column][et_pb_column type=\u00bb1_4&#8243; _builder_version=\u00bb3.0.47&#8243; parallax=\u00bboff\u00bb parallax_method=\u00bbon\u00bb][et_pb_blurb title=\u00bbTELEFONOS\u00bb use_icon=\u00bbon\u00bb font_icon=\u00bb%%264%%\u00bb icon_color=\u00bb#606c7d\u00bb icon_placement=\u00bbleft\u00bb background_layout=\u00bbdark\u00bb _builder_version=\u00bb3.0.92&#8243; header_font=\u00bb|700||on|||||\u00bb header_text_color=\u00bb#ffffff\u00bb body_font=\u00bb||||||||\u00bb body_text_color=\u00bb#ffffff\u00bb background_size=\u00bbinitial\u00bb background_position=\u00bbtop_left\u00bb background_repeat=\u00bbrepeat\u00bb use_border_color=\u00bboff\u00bb border_color=\u00bb#ffffff\u00bb border_style=\u00bbsolid\u00bb]<\/p>\n<p>873-490-698<\/p>\n<p>[\/et_pb_blurb][\/et_pb_column][et_pb_column type=\u00bb1_4&#8243; _builder_version=\u00bb3.0.47&#8243; parallax=\u00bboff\u00bb parallax_method=\u00bbon\u00bb][et_pb_blurb title=\u00bbEmail\u00bb use_icon=\u00bbon\u00bb font_icon=\u00bb%%238%%\u00bb icon_color=\u00bb#606c7d\u00bb icon_placement=\u00bbleft\u00bb background_layout=\u00bbdark\u00bb _builder_version=\u00bb3.0.92&#8243; header_font=\u00bb|on||on|\u00bb body_font=\u00bb||||||||\u00bb body_text_color=\u00bb#ffffff\u00bb background_size=\u00bbinitial\u00bb background_position=\u00bbtop_left\u00bb background_repeat=\u00bbrepeat\u00bb use_border_color=\u00bboff\u00bb border_color=\u00bb#ffffff\u00bb border_style=\u00bbsolid\u00bb]<\/p>\n<p>oficina@tallervitar.com<\/p>\n<p>[\/et_pb_blurb][\/et_pb_column][et_pb_column type=\u00bb1_4&#8243; _builder_version=\u00bb3.0.47&#8243; parallax=\u00bboff\u00bb parallax_method=\u00bbon\u00bb][et_pb_blurb title=\u00bbDirecci\u00f3n\u00bb use_icon=\u00bbon\u00bb font_icon=\u00bb%%236%%\u00bb icon_color=\u00bb#606c7d\u00bb icon_placement=\u00bbleft\u00bb background_layout=\u00bbdark\u00bb _builder_version=\u00bb3.0.92&#8243; header_font=\u00bb|on||on|\u00bb body_font=\u00bb||||||||\u00bb body_text_color=\u00bb#ffffff\u00bb background_size=\u00bbinitial\u00bb background_position=\u00bbtop_left\u00bb background_repeat=\u00bbrepeat\u00bb use_border_color=\u00bboff\u00bb]<\/p>\n<p>Av, Canaleta, 7<\/p>\n<p>P.I. LA CANALETA<\/p>\n<p>25300 <strong>Tarrega<\/strong> (Lleida)<\/p>\n<p>[\/et_pb_blurb][\/et_pb_column][\/et_pb_row][\/et_pb_section]<\/p>\n","protected":false},"excerpt":{"rendered":"<p>Nuestras acreditaciones Taller Vitar se halla inscrita en el Registro de Agentes de Seguridad Industrial\u00a0 como: Empresa reparadora de equipos a presi\u00f3n y ADR de categor\u00eda ERP-2 Empresa instaladora de equipos a presi\u00f3n de categor\u00eda EIP-2 Con el n\u00famero de registros RASIC-005006118Lunes -Viernes: \u00a0 9-13 y 15-19873-490-698oficina@tallervitar.comAv, Canaleta, 7 P.I. LA CANALETA 25300 Tarrega (Lleida)<\/p>","protected":false},"author":1,"featured_media":0,"parent":0,"menu_order":0,"comment_status":"closed","ping_status":"closed","template":"","meta":{"_et_pb_use_builder":"on","_et_pb_old_content":"","_et_gb_content_width":"","footnotes":""},"yoast_head":"<!-- This site is optimized with the Yoast SEO plugin v20.2.1 - https:\/\/yoast.com\/wordpress\/plugins\/seo\/ -->\n<title>Acreditaciones - Taller Vitar<\/title>\n<meta name=\"robots\" content=\"index, follow, max-snippet:-1, max-image-preview:large, max-video-preview:-1\" \/>\n<link rel=\"canonical\" href=\"https:\/\/tallervitar.es\/ca\/acreditaciones\/\" \/>\n<meta property=\"og:locale\" content=\"ca_ES\" \/>\n<meta property=\"og:type\" content=\"article\" \/>\n<meta property=\"og:title\" content=\"Acreditaciones - Taller Vitar\" \/>\n<meta property=\"og:description\" content=\"Nuestras acreditaciones Taller Vitar se halla inscrita en el Registro de Agentes de Seguridad Industrial\u00a0 como: Empresa reparadora de equipos a presi\u00f3n y ADR de categor\u00eda ERP-2 Empresa instaladora de equipos a presi\u00f3n de categor\u00eda EIP-2 Con el n\u00famero de registros RASIC-005006118Lunes -Viernes: \u00a0 9-13 y 15-19873-490-698oficina@tallervitar.comAv, Canaleta, 7 P.I. LA CANALETA 25300 Tarrega (Lleida)\" \/>\n<meta property=\"og:url\" content=\"https:\/\/tallervitar.es\/ca\/acreditaciones\/\" \/>\n<meta property=\"og:site_name\" content=\"Taller Vitar\" \/>\n<meta property=\"article:modified_time\" content=\"2018-03-13T15:00:34+00:00\" \/>\n<meta name=\"twitter:card\" content=\"summary_large_image\" \/>\n<meta name=\"twitter:label1\" content=\"Temps estimat de lectura\" \/>\n\t<meta name=\"twitter:data1\" content=\"4 minuts\" \/>\n<script type=\"application\/ld+json\" class=\"yoast-schema-graph\">{\"@context\":\"https:\/\/schema.org\",\"@graph\":[{\"@type\":\"WebPage\",\"@id\":\"https:\/\/tallervitar.es\/acreditaciones\",\"url\":\"https:\/\/tallervitar.es\/acreditaciones\",\"name\":\"Acreditaciones - Taller Vitar\",\"isPartOf\":{\"@id\":\"https:\/\/tallervitar.es\/#website\"},\"datePublished\":\"2017-12-19T08:19:40+00:00\",\"dateModified\":\"2018-03-13T15:00:34+00:00\",\"breadcrumb\":{\"@id\":\"https:\/\/tallervitar.es\/acreditaciones#breadcrumb\"},\"inLanguage\":\"ca\",\"potentialAction\":[{\"@type\":\"ReadAction\",\"target\":[\"https:\/\/tallervitar.es\/acreditaciones\"]}]},{\"@type\":\"BreadcrumbList\",\"@id\":\"https:\/\/tallervitar.es\/acreditaciones#breadcrumb\",\"itemListElement\":[{\"@type\":\"ListItem\",\"position\":1,\"name\":\"Portada\",\"item\":\"https:\/\/tallervitar.es\/\"},{\"@type\":\"ListItem\",\"position\":2,\"name\":\"Acreditaciones\"}]},{\"@type\":\"WebSite\",\"@id\":\"https:\/\/tallervitar.es\/#website\",\"url\":\"https:\/\/tallervitar.es\/\",\"name\":\"Taller Vitar\",\"description\":\"Fabricaci\u00f3n y reparaci\u00f3n de cisternas\",\"potentialAction\":[{\"@type\":\"SearchAction\",\"target\":{\"@type\":\"EntryPoint\",\"urlTemplate\":\"https:\/\/tallervitar.es\/?s={search_term_string}\"},\"query-input\":\"required name=search_term_string\"}],\"inLanguage\":\"ca\"}]}<\/script>\n<!-- \/ Yoast SEO plugin. -->","yoast_head_json":{"title":"Acreditaciones - Taller Vitar","robots":{"index":"index","follow":"follow","max-snippet":"max-snippet:-1","max-image-preview":"max-image-preview:large","max-video-preview":"max-video-preview:-1"},"canonical":"https:\/\/tallervitar.es\/ca\/acreditaciones\/","og_locale":"ca_ES","og_type":"article","og_title":"Acreditaciones - Taller Vitar","og_description":"Nuestras acreditaciones Taller Vitar se halla inscrita en el Registro de Agentes de Seguridad Industrial\u00a0 como: Empresa reparadora de equipos a presi\u00f3n y ADR de categor\u00eda ERP-2 Empresa instaladora de equipos a presi\u00f3n de categor\u00eda EIP-2 Con el n\u00famero de registros RASIC-005006118Lunes -Viernes: \u00a0 9-13 y 15-19873-490-698oficina@tallervitar.comAv, Canaleta, 7 P.I. LA CANALETA 25300 Tarrega (Lleida)","og_url":"https:\/\/tallervitar.es\/ca\/acreditaciones\/","og_site_name":"Taller Vitar","article_modified_time":"2018-03-13T15:00:34+00:00","twitter_card":"summary_large_image","twitter_misc":{"Temps estimat de lectura":"4 minuts"},"schema":{"@context":"https:\/\/schema.org","@graph":[{"@type":"WebPage","@id":"https:\/\/tallervitar.es\/acreditaciones","url":"https:\/\/tallervitar.es\/acreditaciones","name":"Acreditaciones - Taller Vitar","isPartOf":{"@id":"https:\/\/tallervitar.es\/#website"},"datePublished":"2017-12-19T08:19:40+00:00","dateModified":"2018-03-13T15:00:34+00:00","breadcrumb":{"@id":"https:\/\/tallervitar.es\/acreditaciones#breadcrumb"},"inLanguage":"ca","potentialAction":[{"@type":"ReadAction","target":["https:\/\/tallervitar.es\/acreditaciones"]}]},{"@type":"BreadcrumbList","@id":"https:\/\/tallervitar.es\/acreditaciones#breadcrumb","itemListElement":[{"@type":"ListItem","position":1,"name":"Portada","item":"https:\/\/tallervitar.es\/"},{"@type":"ListItem","position":2,"name":"Acreditaciones"}]},{"@type":"WebSite","@id":"https:\/\/tallervitar.es\/#website","url":"https:\/\/tallervitar.es\/","name":"Taller Vitar","description":"Fabricaci\u00f3n y reparaci\u00f3n de cisternas","potentialAction":[{"@type":"SearchAction","target":{"@type":"EntryPoint","urlTemplate":"https:\/\/tallervitar.es\/?s={search_term_string}"},"query-input":"required name=search_term_string"}],"inLanguage":"ca"}]}},"_links":{"self":[{"href":"https:\/\/tallervitar.es\/ca\/wp-json\/wp\/v2\/pages\/82"}],"collection":[{"href":"https:\/\/tallervitar.es\/ca\/wp-json\/wp\/v2\/pages"}],"about":[{"href":"https:\/\/tallervitar.es\/ca\/wp-json\/wp\/v2\/types\/page"}],"author":[{"embeddable":true,"href":"https:\/\/tallervitar.es\/ca\/wp-json\/wp\/v2\/users\/1"}],"replies":[{"embeddable":true,"href":"https:\/\/tallervitar.es\/ca\/wp-json\/wp\/v2\/comments?post=82"}],"version-history":[{"count":6,"href":"https:\/\/tallervitar.es\/ca\/wp-json\/wp\/v2\/pages\/82\/revisions"}],"predecessor-version":[{"id":846,"href":"https:\/\/tallervitar.es\/ca\/wp-json\/wp\/v2\/pages\/82\/revisions\/846"}],"wp:attachment":[{"href":"https:\/\/tallervitar.es\/ca\/wp-json\/wp\/v2\/media?parent=82"}],"curies":[{"name":"wp","href":"https:\/\/api.w.org\/{rel}","templated":true}]}}