{"id":1326,"date":"2022-08-26T11:35:26","date_gmt":"2022-08-26T11:35:26","guid":{"rendered":"https:\/\/tallervitar.es\/?page_id=1326"},"modified":"2026-02-23T08:58:26","modified_gmt":"2026-02-23T08:58:26","slug":"blog-2","status":"publish","type":"page","link":"https:\/\/tallervitar.es\/ca\/blog-2","title":{"rendered":"Blog"},"content":{"rendered":"<p>[et_pb_section fb_built=\u00bb1&#8243; disabled_on=\u00bboff|off|off\u00bb admin_label=\u00bbHeader Section\u00bb _builder_version=\u00bb4.17.4&#8243; _module_preset=\u00bbdefault\u00bb use_background_color_gradient=\u00bbon\u00bb background_color_gradient_stops=\u00bbrgba(20,61,88,0.65) 0%|#143d58 100%\u00bb background_color_gradient_overlays_image=\u00bbon\u00bb background_color_gradient_start=\u00bbrgba(20,61,88,0.65)\u00bb background_color_gradient_end=\u00bb#143d58&#8243; background_image=\u00bbhttps:\/\/tallervitar.es\/wp-content\/uploads\/cambio-cisternas-600.jpg\u00bb custom_margin=\u00bb|||\u00bb custom_padding=\u00bb3vw|0px|0vw|0px||\u00bb bottom_divider_style=\u00bbmountains2&#8243; bottom_divider_color=\u00bbrgba(5,41,66,0.3)\u00bb bottom_divider_height=\u00bb20vw\u00bb animation_style=\u00bbslide\u00bb animation_direction=\u00bbtop\u00bb animation_intensity_slide=\u00bb3%\u00bb animation_starting_opacity=\u00bb100%\u00bb locked=\u00bboff\u00bb global_colors_info=\u00bb{}\u00bb][et_pb_row disabled_on=\u00bboff|off|off\u00bb module_class=\u00bb et_pb_row_fullwidth\u00bb _builder_version=\u00bb4.16&#8243; _module_preset=\u00bbdefault\u00bb width=\u00bb89%\u00bb width_tablet=\u00bb80%\u00bb width_phone=\u00bb80%\u00bb width_last_edited=\u00bbon|desktop\u00bb max_width=\u00bb89%\u00bb max_width_tablet=\u00bb80%\u00bb max_width_phone=\u00bb80%\u00bb max_width_last_edited=\u00bbon|desktop\u00bb custom_padding=\u00bb|||\u00bb make_fullwidth=\u00bbon\u00bb global_colors_info=\u00bb{}\u00bb][et_pb_column type=\u00bb4_4&#8243; _builder_version=\u00bb4.16&#8243; _module_preset=\u00bbdefault\u00bb custom_padding=\u00bb|||\u00bb global_colors_info=\u00bb{}\u00bb custom_padding__hover=\u00bb|||\u00bb][et_pb_text disabled_on=\u00bboff|off|off\u00bb _builder_version=\u00bb4.18.0&#8243; _module_preset=\u00bbdefault\u00bb text_font=\u00bbLato||||||||\u00bb text_font_size=\u00bb22px\u00bb text_line_height=\u00bb1.8em\u00bb header_font=\u00bbLato|600||on|||||\u00bb header_text_align=\u00bbcenter\u00bb header_font_size=\u00bb1.8vw\u00bb header_line_height=\u00bb1.5em\u00bb text_orientation=\u00bbcenter\u00bb background_layout=\u00bbdark\u00bb custom_margin=\u00bb|||\u00bb text_font_size_last_edited=\u00bboff|phone\u00bb header_font_size_tablet=\u00bb31px\u00bb header_font_size_phone=\u00bb21px\u00bb header_font_size_last_edited=\u00bbon|phone\u00bb header_line_height_tablet=\u00bb1.1em\u00bb header_line_height_phone=\u00bb1.2em\u00bb header_line_height_last_edited=\u00bboff|desktop\u00bb global_colors_info=\u00bb{}\u00bb]<\/p>\n<h1>Blog noticias Taller Vitar<\/h1>\n<p>Noticias del sector de transporte, cisternas, ADR, ATP<\/p>\n<p>[\/et_pb_text][\/et_pb_column][\/et_pb_row][\/et_pb_section][et_pb_section fb_built=\u00bb1&#8243; _builder_version=\u00bb4.18.0&#8243; _module_preset=\u00bbdefault\u00bb global_colors_info=\u00bb{}\u00bb][et_pb_row _builder_version=\u00bb4.23.4&#8243; _module_preset=\u00bbdefault\u00bb global_colors_info=\u00bb{}\u00bb][et_pb_column type=\u00bb4_4&#8243; _builder_version=\u00bb4.23.4&#8243; _module_preset=\u00bbdefault\u00bb global_colors_info=\u00bb{}\u00bb][et_pb_code _builder_version=\u00bb4.23.4&#8243; _module_preset=\u00bbdefault\u00bb hover_enabled=\u00bb0&#8243; global_colors_info=\u00bb{}\u00bb custom_css_free_form=\u00bb.mi-grid-blog {||  display: grid;||  grid-template-columns: repeat(3, 1fr);||  gap: 2rem;||  padding: 2rem 0;||}||||\/* Caja del post *\/||.mi-post {||  position: relative; \/* necesario para el enlace absoluto *\/||  background: #fff;||  border-radius: 14px;||  overflow: hidden;||  box-shadow: 0 4px 12px rgba(0, 0, 0, 0.08);||  display: flex;||  flex-direction: column;||  transition: transform 0.2s ease, box-shadow 0.2s ease;||  cursor: pointer;||}||||.mi-post:hover {||  transform: translateY(-4px);||  box-shadow: 0 6px 18px rgba(0, 0, 0, 0.12);||}||||\/* Enlace invisible que cubre toda la tarjeta *\/||.mi-post-enlace {||  position: absolute;||  inset: 0; \/* ocupa todo el contenedor *\/||  z-index: 5;||}||||\/* Imagen *\/||.mi-post-img {||  width: 100%;||  height: 200px;||  object-fit: cover;||  display: block;||}||||\/* Contenido *\/||.mi-post-contenido {||  flex-grow: 1;||  padding: 1.5rem;||  display: flex;||  flex-direction: column;||  position: relative;||  z-index: 2; \/* encima del enlace invisible *\/||}||||\/* T\u00edtulo *\/||.mi-post-titulo {||  font-size: 1.3rem;||  margin-bottom: 0.4rem;||  line-height: 1.3;||  color: #000;||}||||\/* Fecha *\/||.mi-post-fecha {||  font-size: 0.95rem;||  color: #999;||}||||\/* Extracto *\/||.mi-post-extracto {||  color: #111;||  flex-grow: 1;||  line-height: 1.5;||}||||\/* Bot\u00f3n *\/||.mi-post-boton {||  display: block;||  width: 100%;||  background-color: #ce1010;||  color: #fff;||  text-align: center;||  text-decoration: none;||  padding: 1rem 0;||  font-weight: 500;||  border-top: 1px solid rgba(255,255,255,0.1);||  border-bottom-left-radius: 14px;||  border-bottom-right-radius: 14px;||  transition: background-color 0.2s ease;||  position: relative;||  z-index: 3; \/* tambi\u00e9n encima del enlace invisible *\/||}||||.mi-post-boton:hover {||  background-color: #1a1f40;||}||||\/* Paginaci\u00f3n *\/||.mi-paginacion {||  margin-top: 3rem;||  display: flex;||  justify-content: center;||  gap: 0.6rem;||  flex-wrap: wrap;||}||||.mi-paginacion a,||.mi-paginacion span {||  display: flex;||  align-items: center;||  justify-content: center;||  min-width: 42px;||  height: 42px;||  padding: 0 14px;||  border-radius: 10px;||  background: #fff;||  color: #111;||  text-decoration: none;||  font-weight: 500;||  box-shadow: 0 2px 8px rgba(0,0,0,0.08);||  transition: all 0.2s ease;||}||||.mi-paginacion a:hover {||  background: #ce1010b3;||  color: #fff;||  transform: translateY(-2px);||}||||.mi-paginacion .current {||  background: #ce1010;||  color: #fff;||  pointer-events: none;||}||||||\/* \ud83d\udcf1 Responsive *\/||@media (max-width: 1024px) {||  .mi-grid-blog {||    grid-template-columns: repeat(2, 1fr);||  }||}||||@media (max-width: 700px) {||  .mi-grid-blog {||    grid-template-columns: 1fr;||  }||}||\u00bb sticky_enabled=\u00bb0&#8243;]<div class=\"mi-grid-blog\">            <article class=\"mi-post\">\n                <a href=\"https:\/\/tallervitar.es\/ca\/la-importancia-de-la-instalacion-de-cisternas\" class=\"mi-post-enlace\"><\/a>\n                \n                                    <img loading=\"lazy\" decoding=\"async\" width=\"1000\" height=\"625\" src=\"https:\/\/tallervitar.es\/wp-content\/uploads\/la-importancia-de-la-instalacion-de-cisternas.webp\" class=\"mi-post-img wp-post-image\" alt=\"La importancia de la instalaci\u00f3n de cisternas\" srcset=\"https:\/\/tallervitar.es\/wp-content\/uploads\/la-importancia-de-la-instalacion-de-cisternas.webp 1000w, https:\/\/tallervitar.es\/wp-content\/uploads\/la-importancia-de-la-instalacion-de-cisternas-980x613.webp 980w, https:\/\/tallervitar.es\/wp-content\/uploads\/la-importancia-de-la-instalacion-de-cisternas-480x300.webp 480w\" sizes=\"(min-width: 0px) and (max-width: 480px) 480px, (min-width: 481px) and (max-width: 980px) 980px, (min-width: 981px) 1000px, 100vw\" \/>                \n                <div class=\"mi-post-contenido\">\n                    <h2 class=\"mi-post-titulo\">La importancia de la instalaci\u00f3n de cisternas<\/h2>\n                    <p class=\"mi-post-fecha\">18 gen., 2024<\/p>\n                    <p class=\"mi-post-extracto\">En el vertiginoso mundo del transporte, la eficiencia es clave para satisfacer las crecientes demandas de la sociedad moderna. Uno&hellip;<\/p>\n                <\/div>\n\n                <a href=\"https:\/\/tallervitar.es\/ca\/la-importancia-de-la-instalacion-de-cisternas\" class=\"mi-post-boton\">Leer m\u00e1s<\/a>\n            <\/article>\n                        <article class=\"mi-post\">\n                <a href=\"https:\/\/tallervitar.es\/ca\/innovaciones-en-cisternas-y-contenedores\" class=\"mi-post-enlace\"><\/a>\n                \n                                    <img loading=\"lazy\" decoding=\"async\" width=\"1000\" height=\"625\" src=\"https:\/\/tallervitar.es\/wp-content\/uploads\/innovaciones-en-cisternas-y-contenedores.webp\" class=\"mi-post-img wp-post-image\" alt=\"Innovaciones en cisternas y contenedores\" srcset=\"https:\/\/tallervitar.es\/wp-content\/uploads\/innovaciones-en-cisternas-y-contenedores.webp 1000w, https:\/\/tallervitar.es\/wp-content\/uploads\/innovaciones-en-cisternas-y-contenedores-980x613.webp 980w, https:\/\/tallervitar.es\/wp-content\/uploads\/innovaciones-en-cisternas-y-contenedores-480x300.webp 480w\" sizes=\"(min-width: 0px) and (max-width: 480px) 480px, (min-width: 481px) and (max-width: 980px) 980px, (min-width: 981px) 1000px, 100vw\" \/>                \n                <div class=\"mi-post-contenido\">\n                    <h2 class=\"mi-post-titulo\">Innovaciones en cisternas y contenedores<\/h2>\n                    <p class=\"mi-post-fecha\">23 nov., 2023<\/p>\n                    <p class=\"mi-post-extracto\">Modificaciones que elevan los est\u00e1ndares En la industria del transporte, la seguridad es una prioridad fundamental. En este contexto, las&hellip;<\/p>\n                <\/div>\n\n                <a href=\"https:\/\/tallervitar.es\/ca\/innovaciones-en-cisternas-y-contenedores\" class=\"mi-post-boton\">Leer m\u00e1s<\/a>\n            <\/article>\n                        <article class=\"mi-post\">\n                <a href=\"https:\/\/tallervitar.es\/ca\/los-distintos-tipos-de-puertas-automaticas\" class=\"mi-post-enlace\"><\/a>\n                \n                                    <img loading=\"lazy\" decoding=\"async\" width=\"600\" height=\"400\" src=\"https:\/\/tallervitar.es\/wp-content\/uploads\/puertas-de-garaje-en-lleida.jpg\" class=\"mi-post-img wp-post-image\" alt=\"Los distintos tipos de puertas autom\u00e1ticas\" srcset=\"https:\/\/tallervitar.es\/wp-content\/uploads\/puertas-de-garaje-en-lleida.jpg 600w, https:\/\/tallervitar.es\/wp-content\/uploads\/puertas-de-garaje-en-lleida-480x320.jpg 480w\" sizes=\"(min-width: 0px) and (max-width: 480px) 480px, (min-width: 481px) 600px, 100vw\" \/>                \n                <div class=\"mi-post-contenido\">\n                    <h2 class=\"mi-post-titulo\">Los distintos tipos de puertas autom\u00e1ticas<\/h2>\n                    <p class=\"mi-post-fecha\">26 jul., 2023<\/p>\n                    <p class=\"mi-post-extracto\">Descubriendo la comodidad y seguridad de las puertas autom\u00e1ticas en Lleida Las puertas autom\u00e1ticas se han convertido en una soluci\u00f3n&hellip;<\/p>\n                <\/div>\n\n                <a href=\"https:\/\/tallervitar.es\/ca\/los-distintos-tipos-de-puertas-automaticas\" class=\"mi-post-boton\">Leer m\u00e1s<\/a>\n            <\/article>\n                        <article class=\"mi-post\">\n                <a href=\"https:\/\/tallervitar.es\/ca\/tipos-de-cisternas-atp\" class=\"mi-post-enlace\"><\/a>\n                \n                                    <img loading=\"lazy\" decoding=\"async\" width=\"800\" height=\"480\" src=\"https:\/\/tallervitar.es\/wp-content\/uploads\/Que-son-las-cisternas-ATP-2.jpg\" class=\"mi-post-img wp-post-image\" alt=\"Tipos de cisternas ATP\" srcset=\"https:\/\/tallervitar.es\/wp-content\/uploads\/Que-son-las-cisternas-ATP-2.jpg 800w, https:\/\/tallervitar.es\/wp-content\/uploads\/Que-son-las-cisternas-ATP-2-480x288.jpg 480w\" sizes=\"(min-width: 0px) and (max-width: 480px) 480px, (min-width: 481px) 800px, 100vw\" \/>                \n                <div class=\"mi-post-contenido\">\n                    <h2 class=\"mi-post-titulo\">Tipos de cisternas ATP<\/h2>\n                    <p class=\"mi-post-fecha\">28 juny, 2023<\/p>\n                    <p class=\"mi-post-extracto\">Las cisternas ATP (Accord Transport Perissable) son utilizadas para el transporte de mercanc\u00edas perecederas que requieren condiciones espec\u00edficas de temperatura&hellip;<\/p>\n                <\/div>\n\n                <a href=\"https:\/\/tallervitar.es\/ca\/tipos-de-cisternas-atp\" class=\"mi-post-boton\">Leer m\u00e1s<\/a>\n            <\/article>\n                        <article class=\"mi-post\">\n                <a href=\"https:\/\/tallervitar.es\/ca\/que-normativas-y-regulaciones-debe-cumplir-un-recipiente-adr\" class=\"mi-post-enlace\"><\/a>\n                \n                                    <img loading=\"lazy\" decoding=\"async\" width=\"1080\" height=\"691\" src=\"https:\/\/tallervitar.es\/wp-content\/uploads\/preparacion-de-recipientes-en-lleida-para-transportes-ADR-1.jpg\" class=\"mi-post-img wp-post-image\" alt=\"\u00bfQu\u00e9 normativas y regulaciones debe cumplir un recipiente ADR?\" srcset=\"https:\/\/tallervitar.es\/wp-content\/uploads\/preparacion-de-recipientes-en-lleida-para-transportes-ADR-1.jpg 1080w, https:\/\/tallervitar.es\/wp-content\/uploads\/preparacion-de-recipientes-en-lleida-para-transportes-ADR-1-980x627.jpg 980w, https:\/\/tallervitar.es\/wp-content\/uploads\/preparacion-de-recipientes-en-lleida-para-transportes-ADR-1-480x307.jpg 480w\" sizes=\"(min-width: 0px) and (max-width: 480px) 480px, (min-width: 481px) and (max-width: 980px) 980px, (min-width: 981px) 1080px, 100vw\" \/>                \n                <div class=\"mi-post-contenido\">\n                    <h2 class=\"mi-post-titulo\">\u00bfQu\u00e9 normativas y regulaciones debe cumplir un recipiente ADR?<\/h2>\n                    <p class=\"mi-post-fecha\">10 maig, 2023<\/p>\n                    <p class=\"mi-post-extracto\">Un recipiente ADR es un envase, contenedor o cisterna utilizado para el transporte por carretera de sustancias peligrosas. La sigla&hellip;<\/p>\n                <\/div>\n\n                <a href=\"https:\/\/tallervitar.es\/ca\/que-normativas-y-regulaciones-debe-cumplir-un-recipiente-adr\" class=\"mi-post-boton\">Leer m\u00e1s<\/a>\n            <\/article>\n                        <article class=\"mi-post\">\n                <a href=\"https:\/\/tallervitar.es\/ca\/en-que-consiste-la-renovacion-periodica-de-certificados-adr\" class=\"mi-post-enlace\"><\/a>\n                \n                                    <img loading=\"lazy\" decoding=\"async\" width=\"1280\" height=\"631\" src=\"https:\/\/tallervitar.es\/wp-content\/uploads\/ADR.jpg\" class=\"mi-post-img wp-post-image\" alt=\"\u00bfEn que consiste la renovaci\u00f3n peri\u00f3dica de certificados ADR?\" srcset=\"https:\/\/tallervitar.es\/wp-content\/uploads\/ADR.jpg 1280w, https:\/\/tallervitar.es\/wp-content\/uploads\/ADR-300x148.jpg 300w, https:\/\/tallervitar.es\/wp-content\/uploads\/ADR-768x379.jpg 768w, https:\/\/tallervitar.es\/wp-content\/uploads\/ADR-1024x505.jpg 1024w, https:\/\/tallervitar.es\/wp-content\/uploads\/ADR-1080x532.jpg 1080w\" sizes=\"(max-width: 1280px) 100vw, 1280px\" \/>                \n                <div class=\"mi-post-contenido\">\n                    <h2 class=\"mi-post-titulo\">\u00bfEn que consiste la renovaci\u00f3n peri\u00f3dica de certificados ADR?<\/h2>\n                    <p class=\"mi-post-fecha\">9 mar\u00e7, 2023<\/p>\n                    <p class=\"mi-post-extracto\">La renovaci\u00f3n peri\u00f3dica de certificados ADR (Acuerdo Europeo sobre transporte internacional de mercanc\u00edas Peligrosas por Carretera) es un requisito obligatorio&hellip;<\/p>\n                <\/div>\n\n                <a href=\"https:\/\/tallervitar.es\/ca\/en-que-consiste-la-renovacion-periodica-de-certificados-adr\" class=\"mi-post-boton\">Leer m\u00e1s<\/a>\n            <\/article>\n            <\/div><div class=\"mi-paginacion\"><span aria-current=\"page\" class=\"page-numbers current\">1<\/span>\n<a class=\"page-numbers\" href=\"https:\/\/tallervitar.es\/ca\/wp-json\/wp\/v2\/pages\/1326\/page\/2\">2<\/a>\n<a class=\"next page-numbers\" href=\"https:\/\/tallervitar.es\/ca\/wp-json\/wp\/v2\/pages\/1326\/page\/2\">\u203a<\/a><\/div>[\/et_pb_code][\/et_pb_column][\/et_pb_row][\/et_pb_section][et_pb_section fb_built=\u00bb1&#8243; _builder_version=\u00bb3.0.92&#8243; background_color=\u00bb#203149&#8243; background_image=\u00bbhttps:\/\/tallervitar.es\/wp-content\/uploads\/map-02.png\u00bb parallax=\u00bbon\u00bb custom_padding=\u00bb28px||22px|\u00bb custom_css_main_element=\u00bbbackground-size:contain;\u00bb global_module=\u00bb714&#8243; locked=\u00bboff\u00bb global_colors_info=\u00bb{}\u00bb][et_pb_row column_structure=\u00bb1_4,1_4,1_4,1_4&#8243; _builder_version=\u00bb4.16&#8243; global_colors_info=\u00bb{}\u00bb][et_pb_column type=\u00bb1_4&#8243; _builder_version=\u00bb4.16&#8243; custom_padding=\u00bb|||\u00bb global_colors_info=\u00bb{}\u00bb custom_padding__hover=\u00bb|||\u00bb][et_pb_blurb title=\u00bbHORARIOS\u00bb use_icon=\u00bbon\u00bb font_icon=\u00bb&#xe06b;||divi||400&#8243; icon_color=\u00bb#606c7d\u00bb icon_placement=\u00bbleft\u00bb _builder_version=\u00bb4.16&#8243; header_font=\u00bb|on||on|\u00bb body_text_color=\u00bb#606c7d\u00bb background_size=\u00bbinitial\u00bb background_position=\u00bbtop_left\u00bb background_repeat=\u00bbrepeat\u00bb background_layout=\u00bbdark\u00bb use_border_color=\u00bboff\u00bb border_color=\u00bb#ffffff\u00bb border_style=\u00bbsolid\u00bb global_colors_info=\u00bb{}\u00bb]<\/p>\n<p><span style=\"color: #ffffff;\">Lunes -Viernes:<\/span><\/p>\n<p><span style=\"color: #ffffff;\">\u00a0 9-13 y 15-19<\/span><\/p>\n<p>[\/et_pb_blurb][\/et_pb_column][et_pb_column type=\u00bb1_4&#8243; _builder_version=\u00bb4.16&#8243; custom_padding=\u00bb|||\u00bb global_colors_info=\u00bb{}\u00bb custom_padding__hover=\u00bb|||\u00bb][et_pb_blurb title=\u00bbTELEFONOS\u00bb use_icon=\u00bbon\u00bb font_icon=\u00bb&#xe090;||divi||400&#8243; icon_color=\u00bb#606c7d\u00bb icon_placement=\u00bbleft\u00bb _builder_version=\u00bb4.17.4&#8243; header_font=\u00bb|700||on|||||\u00bb header_text_color=\u00bb#ffffff\u00bb body_font=\u00bb||||||||\u00bb body_text_color=\u00bb#ffffff\u00bb background_size=\u00bbinitial\u00bb background_position=\u00bbtop_left\u00bb background_repeat=\u00bbrepeat\u00bb background_layout=\u00bbdark\u00bb use_border_color=\u00bboff\u00bb border_color=\u00bb#ffffff\u00bb border_style=\u00bbsolid\u00bb global_colors_info=\u00bb{}\u00bb]<\/p>\n<p><a href=\"tel:\/\/873490698\">+34 873-490-698<\/a><br \/><a href=\"tel:\/\/636958541\">+34 636-958-541<\/a><\/p>\n<p>[\/et_pb_blurb][\/et_pb_column][et_pb_column type=\u00bb1_4&#8243; _builder_version=\u00bb4.16&#8243; custom_padding=\u00bb|||\u00bb global_colors_info=\u00bb{}\u00bb custom_padding__hover=\u00bb|||\u00bb][et_pb_blurb title=\u00bbEmail\u00bb use_icon=\u00bbon\u00bb font_icon=\u00bb&#xe076;||divi||400&#8243; icon_color=\u00bb#606c7d\u00bb icon_placement=\u00bbleft\u00bb _builder_version=\u00bb4.16&#8243; header_font=\u00bb|on||on|\u00bb body_font=\u00bb||||||||\u00bb body_text_color=\u00bb#ffffff\u00bb background_size=\u00bbinitial\u00bb background_position=\u00bbtop_left\u00bb background_repeat=\u00bbrepeat\u00bb background_layout=\u00bbdark\u00bb use_border_color=\u00bboff\u00bb border_color=\u00bb#ffffff\u00bb border_style=\u00bbsolid\u00bb global_colors_info=\u00bb{}\u00bb]<\/p>\n<p>oficina@tallervitar.com<\/p>\n<p>[\/et_pb_blurb][\/et_pb_column][et_pb_column type=\u00bb1_4&#8243; _builder_version=\u00bb4.16&#8243; custom_padding=\u00bb|||\u00bb global_colors_info=\u00bb{}\u00bb custom_padding__hover=\u00bb|||\u00bb][et_pb_blurb title=\u00bbDirecci\u00f3n\u00bb use_icon=\u00bbon\u00bb font_icon=\u00bb&#xe074;||divi||400&#8243; icon_color=\u00bb#606c7d\u00bb icon_placement=\u00bbleft\u00bb _builder_version=\u00bb4.16&#8243; header_font=\u00bb|on||on|\u00bb body_font=\u00bb||||||||\u00bb body_text_color=\u00bb#ffffff\u00bb background_size=\u00bbinitial\u00bb background_position=\u00bbtop_left\u00bb background_repeat=\u00bbrepeat\u00bb background_layout=\u00bbdark\u00bb use_border_color=\u00bboff\u00bb global_colors_info=\u00bb{}\u00bb]<\/p>\n<p>Avda: Josep Trepat Galcer\u00e0n, n\u00ba52<\/p>\n<p>25300 <strong>Tarrega<\/strong> (Lleida)<\/p>\n<p>[\/et_pb_blurb][\/et_pb_column][\/et_pb_row][\/et_pb_section]<\/p>\n","protected":false},"excerpt":{"rendered":"<p>La renovaci\u00f3n peri\u00f3dica de certificados ADR (Acuerdo Europeo sobre transporte internacional de mercanc\u00edas Peligrosas por Carretera) es un requisito obligatorio para todas las personas que participan en el transporte de mercanc\u00edas peligrosas por carretera en Europa. Este acuerdo establece los requisitos que deben cumplir los conductores, las empresas y los veh\u00edculos para garantizar la seguridad [&hellip;]<\/p>\n","protected":false},"author":5,"featured_media":0,"parent":0,"menu_order":0,"comment_status":"closed","ping_status":"closed","template":"","meta":{"_et_pb_use_builder":"on","_et_pb_old_content":"","_et_gb_content_width":"","footnotes":""},"yoast_head":"<!-- This site is optimized with the Yoast SEO plugin v20.2.1 - https:\/\/yoast.com\/wordpress\/plugins\/seo\/ -->\n<title>Blog - Taller Vitar<\/title>\n<meta name=\"robots\" content=\"index, follow, max-snippet:-1, max-image-preview:large, max-video-preview:-1\" \/>\n<link rel=\"canonical\" href=\"https:\/\/tallervitar.es\/ca\/blog-2\/\" \/>\n<meta property=\"og:locale\" content=\"ca_ES\" \/>\n<meta property=\"og:type\" content=\"article\" \/>\n<meta property=\"og:title\" content=\"Blog - Taller Vitar\" \/>\n<meta property=\"og:description\" content=\"La renovaci\u00f3n peri\u00f3dica de certificados ADR (Acuerdo Europeo sobre transporte internacional de mercanc\u00edas Peligrosas por Carretera) es un requisito obligatorio para todas las personas que participan en el transporte de mercanc\u00edas peligrosas por carretera en Europa. Este acuerdo establece los requisitos que deben cumplir los conductores, las empresas y los veh\u00edculos para garantizar la seguridad [&hellip;]\" \/>\n<meta property=\"og:url\" content=\"https:\/\/tallervitar.es\/ca\/blog-2\/\" \/>\n<meta property=\"og:site_name\" content=\"Taller Vitar\" \/>\n<meta property=\"article:modified_time\" content=\"2026-02-23T08:58:26+00:00\" \/>\n<meta name=\"twitter:card\" content=\"summary_large_image\" \/>\n<script type=\"application\/ld+json\" class=\"yoast-schema-graph\">{\"@context\":\"https:\/\/schema.org\",\"@graph\":[{\"@type\":\"WebPage\",\"@id\":\"https:\/\/tallervitar.es\/blog-2\",\"url\":\"https:\/\/tallervitar.es\/blog-2\",\"name\":\"Blog - Taller Vitar\",\"isPartOf\":{\"@id\":\"https:\/\/tallervitar.es\/#website\"},\"datePublished\":\"2022-08-26T11:35:26+00:00\",\"dateModified\":\"2026-02-23T08:58:26+00:00\",\"breadcrumb\":{\"@id\":\"https:\/\/tallervitar.es\/blog-2#breadcrumb\"},\"inLanguage\":\"ca\",\"potentialAction\":[{\"@type\":\"ReadAction\",\"target\":[\"https:\/\/tallervitar.es\/blog-2\"]}]},{\"@type\":\"BreadcrumbList\",\"@id\":\"https:\/\/tallervitar.es\/blog-2#breadcrumb\",\"itemListElement\":[{\"@type\":\"ListItem\",\"position\":1,\"name\":\"Portada\",\"item\":\"https:\/\/tallervitar.es\/\"},{\"@type\":\"ListItem\",\"position\":2,\"name\":\"Blog\"}]},{\"@type\":\"WebSite\",\"@id\":\"https:\/\/tallervitar.es\/#website\",\"url\":\"https:\/\/tallervitar.es\/\",\"name\":\"Taller Vitar\",\"description\":\"Fabricaci\u00f3n y reparaci\u00f3n de cisternas\",\"potentialAction\":[{\"@type\":\"SearchAction\",\"target\":{\"@type\":\"EntryPoint\",\"urlTemplate\":\"https:\/\/tallervitar.es\/?s={search_term_string}\"},\"query-input\":\"required name=search_term_string\"}],\"inLanguage\":\"ca\"}]}<\/script>\n<!-- \/ Yoast SEO plugin. -->","yoast_head_json":{"title":"Blog - Taller Vitar","robots":{"index":"index","follow":"follow","max-snippet":"max-snippet:-1","max-image-preview":"max-image-preview:large","max-video-preview":"max-video-preview:-1"},"canonical":"https:\/\/tallervitar.es\/ca\/blog-2\/","og_locale":"ca_ES","og_type":"article","og_title":"Blog - Taller Vitar","og_description":"La renovaci\u00f3n peri\u00f3dica de certificados ADR (Acuerdo Europeo sobre transporte internacional de mercanc\u00edas Peligrosas por Carretera) es un requisito obligatorio para todas las personas que participan en el transporte de mercanc\u00edas peligrosas por carretera en Europa. Este acuerdo establece los requisitos que deben cumplir los conductores, las empresas y los veh\u00edculos para garantizar la seguridad [&hellip;]","og_url":"https:\/\/tallervitar.es\/ca\/blog-2\/","og_site_name":"Taller Vitar","article_modified_time":"2026-02-23T08:58:26+00:00","twitter_card":"summary_large_image","schema":{"@context":"https:\/\/schema.org","@graph":[{"@type":"WebPage","@id":"https:\/\/tallervitar.es\/blog-2","url":"https:\/\/tallervitar.es\/blog-2","name":"Blog - Taller Vitar","isPartOf":{"@id":"https:\/\/tallervitar.es\/#website"},"datePublished":"2022-08-26T11:35:26+00:00","dateModified":"2026-02-23T08:58:26+00:00","breadcrumb":{"@id":"https:\/\/tallervitar.es\/blog-2#breadcrumb"},"inLanguage":"ca","potentialAction":[{"@type":"ReadAction","target":["https:\/\/tallervitar.es\/blog-2"]}]},{"@type":"BreadcrumbList","@id":"https:\/\/tallervitar.es\/blog-2#breadcrumb","itemListElement":[{"@type":"ListItem","position":1,"name":"Portada","item":"https:\/\/tallervitar.es\/"},{"@type":"ListItem","position":2,"name":"Blog"}]},{"@type":"WebSite","@id":"https:\/\/tallervitar.es\/#website","url":"https:\/\/tallervitar.es\/","name":"Taller Vitar","description":"Fabricaci\u00f3n y reparaci\u00f3n de cisternas","potentialAction":[{"@type":"SearchAction","target":{"@type":"EntryPoint","urlTemplate":"https:\/\/tallervitar.es\/?s={search_term_string}"},"query-input":"required name=search_term_string"}],"inLanguage":"ca"}]}},"_links":{"self":[{"href":"https:\/\/tallervitar.es\/ca\/wp-json\/wp\/v2\/pages\/1326"}],"collection":[{"href":"https:\/\/tallervitar.es\/ca\/wp-json\/wp\/v2\/pages"}],"about":[{"href":"https:\/\/tallervitar.es\/ca\/wp-json\/wp\/v2\/types\/page"}],"author":[{"embeddable":true,"href":"https:\/\/tallervitar.es\/ca\/wp-json\/wp\/v2\/users\/5"}],"replies":[{"embeddable":true,"href":"https:\/\/tallervitar.es\/ca\/wp-json\/wp\/v2\/comments?post=1326"}],"version-history":[{"count":4,"href":"https:\/\/tallervitar.es\/ca\/wp-json\/wp\/v2\/pages\/1326\/revisions"}],"predecessor-version":[{"id":1527,"href":"https:\/\/tallervitar.es\/ca\/wp-json\/wp\/v2\/pages\/1326\/revisions\/1527"}],"wp:attachment":[{"href":"https:\/\/tallervitar.es\/ca\/wp-json\/wp\/v2\/media?parent=1326"}],"curies":[{"name":"wp","href":"https:\/\/api.w.org\/{rel}","templated":true}]}}