{"id":1116,"date":"2021-06-15T11:04:50","date_gmt":"2021-06-15T11:04:50","guid":{"rendered":"https:\/\/tallervitar.es\/?page_id=1116"},"modified":"2023-07-27T09:43:41","modified_gmt":"2023-07-27T09:43:41","slug":"reparacion-de-cubas-en-lleida","status":"publish","type":"page","link":"https:\/\/tallervitar.es\/ca\/reparacion-de-cubas-en-lleida","title":{"rendered":"Reparaci\u00f3 de cubes a Lleida"},"content":{"rendered":"<p>[et_pb_section fb_built=\u00bb1&#8243; _builder_version=\u00bb4.16&#8243; _module_preset=\u00bbdefault\u00bb background_image=\u00bbhttps:\/\/tallervitar.es\/wp-content\/uploads\/Personalizacion-de-camion-cuba-con-cajas-para-herramientas-a-medida.jpg\u00bb custom_padding=\u00bb23vh||23vh||true|false\u00bb global_colors_info=\u00bb{}\u00bb][et_pb_row _builder_version=\u00bb4.16&#8243; _module_preset=\u00bbdefault\u00bb global_colors_info=\u00bb{}\u00bb][et_pb_column type=\u00bb4_4&#8243; _builder_version=\u00bb4.16&#8243; _module_preset=\u00bbdefault\u00bb global_colors_info=\u00bb{}\u00bb][et_pb_text _builder_version=\u00bb4.18.0&#8243; _module_preset=\u00bbdefault\u00bb text_text_color=\u00bb#ffffff\u00bb text_font_size=\u00bb20px\u00bb header_font=\u00bb|700||on|||||\u00bb header_text_color=\u00bb#ffffff\u00bb text_text_shadow_style=\u00bbpreset5&#8243; text_text_shadow_color=\u00bb#000000&#8243; header_text_shadow_style=\u00bbpreset2&#8243; global_colors_info=\u00bb{}\u00bb]<\/p>\n<h1 style=\"text-align: center;\"><strong>Reparaci\u00f3n de cubas en Lleida<\/strong><\/h1>\n<p style=\"text-align: center;\">Reparaci\u00f3n de cubas, camiones cuba, cisternas y contenedores para transporte en Lleida<\/p>\n<p>[\/et_pb_text][\/et_pb_column][\/et_pb_row][\/et_pb_section][et_pb_section fb_built=\u00bb1&#8243; _builder_version=\u00bb4.16&#8243; _module_preset=\u00bbdefault\u00bb global_colors_info=\u00bb{}\u00bb][et_pb_row column_structure=\u00bb1_2,1_2&#8243; _builder_version=\u00bb4.16&#8243; _module_preset=\u00bbdefault\u00bb global_colors_info=\u00bb{}\u00bb][et_pb_column type=\u00bb1_2&#8243; _builder_version=\u00bb4.16&#8243; _module_preset=\u00bbdefault\u00bb global_colors_info=\u00bb{}\u00bb][et_pb_text _builder_version=\u00bb4.18.0&#8243; _module_preset=\u00bbdefault\u00bb text_font=\u00bbMontserrat||||||||\u00bb text_font_size=\u00bb16px\u00bb header_2_font=\u00bbLato||||||||\u00bb text_orientation=\u00bbjustified\u00bb global_colors_info=\u00bb{}\u00bb]<\/p>\n<h2><strong>Empresa experta en la reparaci\u00f3n de cubas en Lleida<\/strong><\/h2>\n<p>En Taller Vitar Lleida somos expertos en la fabricaci\u00f3n e reparaci\u00f3n de cisternas y remolques cisterna y todo tipo de contenedores met\u00e1licos para transporte en general.<\/p>\n<p>Ofrecemos servicios profesionales de reparaci\u00f3n de cubas en Lleida al mejor precio con la garant\u00eda de d\u00e9cadas de experiencia.<\/p>\n<p>En muchos casos en las cubas, puede pasar que la corrosi\u00f3n llegue a perforar la cuba.\u00a0 Tambi\u00e9n por todo tipo de accidentes y aver\u00edas la cuba se puede ver afectada. En estos casos lo mejor es contactar con nosotros, contarnos que pasa y dejarte asesesorar para encontrar la mejor manera de reparar tu cuba.<\/p>\n<p>[\/et_pb_text][\/et_pb_column][et_pb_column type=\u00bb1_2&#8243; _builder_version=\u00bb4.16&#8243; _module_preset=\u00bbdefault\u00bb background_color=\u00bbrgba(204,255,255,0.42)\u00bb custom_padding=\u00bb1em|1em|1em|1em|true|true\u00bb global_colors_info=\u00bb{}\u00bb][et_pb_text _builder_version=\u00bb4.16&#8243; _module_preset=\u00bbdefault\u00bb background_enable_color=\u00bboff\u00bb global_colors_info=\u00bb{}\u00bb]<\/p>\n<h2>Solicita tu presupuesto sin compromiso\u00a0<\/h2>\n<p>Cu\u00e9ntanos que tipo de reparaci\u00f3n o fabricaci\u00f3n de cisterna necesitas y te ofrecemos tu presupuesto sin compromiso.<\/p>\n<p>[\/et_pb_text][et_pb_contact_form email=\u00bboficina@tallervitar.com\u00bb success_message=\u00bbGracias por su mensaje.\u00bb module_id=\u00bbet_pb_contact_form_0&#8243; _builder_version=\u00bb4.18.0&#8243; _unique_id=\u00bb98de79a4-6140-4c52-8a16-4bd83cfc4621&#8243; global_module=\u00bb1100&#8243; saved_tabs=\u00bball\u00bb global_colors_info=\u00bb{}\u00bb][et_pb_contact_field field_id=\u00bbName\u00bb field_title=\u00bbNombre\u00bb _builder_version=\u00bb4.16&#8243; global_colors_info=\u00bb{}\u00bb button_one_text_size__hover_enabled=\u00bboff\u00bb button_two_text_size__hover_enabled=\u00bboff\u00bb button_one_text_color__hover_enabled=\u00bboff\u00bb button_two_text_color__hover_enabled=\u00bboff\u00bb button_one_border_width__hover_enabled=\u00bboff\u00bb button_two_border_width__hover_enabled=\u00bboff\u00bb button_one_border_color__hover_enabled=\u00bboff\u00bb button_two_border_color__hover_enabled=\u00bboff\u00bb button_one_border_radius__hover_enabled=\u00bboff\u00bb button_two_border_radius__hover_enabled=\u00bboff\u00bb button_one_letter_spacing__hover_enabled=\u00bboff\u00bb button_two_letter_spacing__hover_enabled=\u00bboff\u00bb button_one_bg_color__hover_enabled=\u00bboff\u00bb button_two_bg_color__hover_enabled=\u00bboff\u00bb][\/et_pb_contact_field][et_pb_contact_field field_id=\u00bbEmail\u00bb field_title=\u00bbDirecci\u00f3n de correo electr\u00f3nico\u00bb field_type=\u00bbemail\u00bb _builder_version=\u00bb4.16&#8243; global_colors_info=\u00bb{}\u00bb button_one_text_size__hover_enabled=\u00bboff\u00bb button_two_text_size__hover_enabled=\u00bboff\u00bb button_one_text_color__hover_enabled=\u00bboff\u00bb button_two_text_color__hover_enabled=\u00bboff\u00bb button_one_border_width__hover_enabled=\u00bboff\u00bb button_two_border_width__hover_enabled=\u00bboff\u00bb button_one_border_color__hover_enabled=\u00bboff\u00bb button_two_border_color__hover_enabled=\u00bboff\u00bb button_one_border_radius__hover_enabled=\u00bboff\u00bb button_two_border_radius__hover_enabled=\u00bboff\u00bb button_one_letter_spacing__hover_enabled=\u00bboff\u00bb button_two_letter_spacing__hover_enabled=\u00bboff\u00bb button_one_bg_color__hover_enabled=\u00bboff\u00bb button_two_bg_color__hover_enabled=\u00bboff\u00bb][\/et_pb_contact_field][et_pb_contact_field field_id=\u00bbMessage\u00bb field_title=\u00bbMensaje\u00bb field_type=\u00bbtext\u00bb fullwidth_field=\u00bbon\u00bb _builder_version=\u00bb4.16&#8243; global_colors_info=\u00bb{}\u00bb button_one_text_size__hover_enabled=\u00bboff\u00bb button_two_text_size__hover_enabled=\u00bboff\u00bb button_one_text_color__hover_enabled=\u00bboff\u00bb button_two_text_color__hover_enabled=\u00bboff\u00bb button_one_border_width__hover_enabled=\u00bboff\u00bb button_two_border_width__hover_enabled=\u00bboff\u00bb button_one_border_color__hover_enabled=\u00bboff\u00bb button_two_border_color__hover_enabled=\u00bboff\u00bb button_one_border_radius__hover_enabled=\u00bboff\u00bb button_two_border_radius__hover_enabled=\u00bboff\u00bb button_one_letter_spacing__hover_enabled=\u00bboff\u00bb button_two_letter_spacing__hover_enabled=\u00bboff\u00bb button_one_bg_color__hover_enabled=\u00bboff\u00bb button_two_bg_color__hover_enabled=\u00bboff\u00bb][\/et_pb_contact_field][\/et_pb_contact_form][\/et_pb_column][\/et_pb_row][et_pb_row column_structure=\u00bb1_2,1_2&#8243; _builder_version=\u00bb4.18.0&#8243; _module_preset=\u00bbdefault\u00bb locked=\u00bboff\u00bb global_colors_info=\u00bb{}\u00bb][et_pb_column type=\u00bb1_2&#8243; _builder_version=\u00bb4.16&#8243; _module_preset=\u00bbdefault\u00bb background_color=\u00bbrgba(204,255,255,0.42)\u00bb custom_padding=\u00bb1em|1em|1em|1em|true|true\u00bb global_colors_info=\u00bb{}\u00bb][et_pb_image src=\u00bbhttps:\/\/tallervitar.es\/wp-content\/uploads\/modificacion-cisterna.jpg\u00bb alt=\u00bbReparaci\u00f3n de cubas en Lleida\u00bb title_text=\u00bbReparaci\u00f3n de cubas en Lleida\u00bb _builder_version=\u00bb4.18.0&#8243; _module_preset=\u00bbdefault\u00bb hover_enabled=\u00bb0&#8243; global_colors_info=\u00bb{}\u00bb sticky_enabled=\u00bb0&#8243;][\/et_pb_image][\/et_pb_column][et_pb_column type=\u00bb1_2&#8243; _builder_version=\u00bb4.16&#8243; _module_preset=\u00bbdefault\u00bb global_colors_info=\u00bb{}\u00bb][et_pb_text _builder_version=\u00bb4.18.0&#8243; _module_preset=\u00bbdefault\u00bb text_font=\u00bbMontserrat||||||||\u00bb text_font_size=\u00bb16px\u00bb header_font=\u00bbLato||||||||\u00bb text_orientation=\u00bbjustified\u00bb global_colors_info=\u00bb{}\u00bb]<\/p>\n<h2><strong>Los mejores en la reparaci\u00f3n de cubas en Lleida<\/strong><\/h2>\n<div class=\"w-full border-b border-black\/10 dark:border-gray-900\/50 text-gray-800 dark:text-gray-100 group bg-gray-50 dark:bg-[#444654]\">\n<div class=\"text-base gap-4 md:gap-6 m-auto md:max-w-2xl lg:max-w-2xl xl:max-w-3xl p-4 md:py-6 flex lg:px-0\">\n<div class=\"relative flex w-[calc(100%-50px)] flex-col gap-1 md:gap-3 lg:w-[calc(100%-115px)]\">\n<div class=\"flex flex-grow flex-col gap-3\">\n<div class=\"min-h-[20px] flex flex-col items-start gap-4 whitespace-pre-wrap\">\n<div class=\"markdown prose w-full break-words dark:prose-invert dark\">\n<p>La reparaci\u00f3n de cubas es un proceso fundamental para mantener en \u00f3ptimas condiciones estos recipientes utilizados en diferentes industrias para el almacenamiento y transporte de l\u00edquidos y s\u00f3lidos. Las cubas pueden sufrir desgaste, corrosi\u00f3n y da\u00f1os mec\u00e1nicos debido a su uso constante, y es importante repararlas para evitar fugas y p\u00e9rdidas de material. La reparaci\u00f3n de cubas debe ser realizada por profesionales con experiencia y conocimiento en la reparaci\u00f3n de tanques, que utilicen t\u00e9cnicas y materiales de alta calidad para garantizar la durabilidad y la seguridad del trabajo. Adem\u00e1s, antes de volver a utilizar la cuba, es necesario realizar pruebas rigurosas para asegurarse de que no existen fugas o problemas de funcionamiento. Con una reparaci\u00f3n adecuada, se puede prolongar la vida \u00fatil de la cuba y evitar costosas p\u00e9rdidas de material.<\/p>\n<\/div>\n<\/div>\n<\/div>\n<div class=\"flex justify-between\">\n<div class=\"text-gray-400 flex self-end lg:self-center justify-center mt-2 gap-3 md:gap-4 lg:gap-1 lg:absolute lg:top-0 lg:translate-x-full lg:right-0 lg:mt-0 lg:pl-2 visible\"><\/div>\n<\/div>\n<\/div>\n<\/div>\n<\/div>\n<p>[\/et_pb_text][\/et_pb_column][\/et_pb_row][et_pb_row _builder_version=\u00bb4.18.0&#8243; _module_preset=\u00bbdefault\u00bb global_colors_info=\u00bb{}\u00bb][et_pb_column type=\u00bb4_4&#8243; _builder_version=\u00bb4.18.0&#8243; _module_preset=\u00bbdefault\u00bb global_colors_info=\u00bb{}\u00bb][et_pb_text _builder_version=\u00bb4.18.0&#8243; _module_preset=\u00bbdefault\u00bb text_font_size=\u00bb16px\u00bb header_2_font=\u00bbLato||||||||\u00bb global_colors_info=\u00bb{}\u00bb]<\/p>\n<div class=\"group w-full text-gray-800 dark:text-gray-100 border-b border-black\/10 dark:border-gray-900\/50 bg-gray-50 dark:bg-[#444654]\">\n<div class=\"flex p-4 gap-4 text-base md:gap-6 md:max-w-2xl lg:max-w-xl xl:max-w-3xl md:py-6 lg:px-0 m-auto\">\n<div class=\"relative flex flex-col w-[calc(100%-50px)] gap-1 md:gap-3 lg:w-[calc(100%-115px)]\">\n<div class=\"flex flex-grow flex-col gap-3\">\n<div class=\"min-h-[20px] flex flex-col items-start gap-4 whitespace-pre-wrap break-words\">\n<div class=\"markdown prose w-full break-words dark:prose-invert dark\">\n<h2>Solicita m\u00e1s informaci\u00f3n<\/h2>\n<p>Si necesita informaci\u00f3n sobre la reparaci\u00f3n de cubas en Lleida, estaremos encantados de ayudarle. Nuestro equipo de expertos cuenta con a\u00f1os de experiencia en la reparaci\u00f3n de todo tipo de cubas, incluyendo aquellas que se utilizan en la industria alimentaria, agr\u00edcola, qu\u00edmica y m\u00e1s. Podemos proporcionarle informaci\u00f3n detallada sobre nuestros servicios de reparaci\u00f3n, incluyendo los materiales y t\u00e9cnicas que utilizamos, los plazos de entrega y los precios. Adem\u00e1s, estaremos encantados de responder a cualquier pregunta que pueda tener sobre nuestros servicios y ayudarle a encontrar la soluci\u00f3n adecuada para sus necesidades de reparaci\u00f3n de cubas en Lleida.<\/p>\n<\/div>\n<\/div>\n<\/div>\n<\/div>\n<\/div>\n<\/div>\n<p>[\/et_pb_text][\/et_pb_column][\/et_pb_row][et_pb_row column_structure=\u00bb1_2,1_2&#8243; _builder_version=\u00bb4.16&#8243; _module_preset=\u00bbdefault\u00bb global_colors_info=\u00bb{}\u00bb][et_pb_column type=\u00bb1_2&#8243; _builder_version=\u00bb4.16&#8243; _module_preset=\u00bbdefault\u00bb global_colors_info=\u00bb{}\u00bb][et_pb_image src=\u00bbhttps:\/\/tallervitar.es\/wp-content\/uploads\/cambio-cisternas.jpg\u00bb _builder_version=\u00bb4.18.0&#8243; _module_preset=\u00bbdefault\u00bb hover_enabled=\u00bb0&#8243; global_colors_info=\u00bb{}\u00bb sticky_enabled=\u00bb0&#8243;][\/et_pb_image][et_pb_image src=\u00bbhttps:\/\/tallervitar.es\/wp-content\/uploads\/preparacion-recipientes2.jpg\u00bb _builder_version=\u00bb4.18.0&#8243; _module_preset=\u00bbdefault\u00bb hover_enabled=\u00bb0&#8243; global_colors_info=\u00bb{}\u00bb title_text=\u00bbReparaci\u00f3n de cubas en Lleida\u00bb sticky_enabled=\u00bb0&#8243; alt=\u00bbReparaci\u00f3n de cubas en Lleida\u00bb][\/et_pb_image][\/et_pb_column][et_pb_column type=\u00bb1_2&#8243; _builder_version=\u00bb4.16&#8243; _module_preset=\u00bbdefault\u00bb global_colors_info=\u00bb{}\u00bb][et_pb_image src=\u00bbhttps:\/\/tallervitar.es\/wp-content\/uploads\/Personalizacion-de-camion-cuba-con-cajas-para-herramientas-a-medida.jpg\u00bb alt=\u00bbreparaci\u00f3n cami\u00f3n cubas en Lleida\u00bb title_text=\u00bbreparaci\u00f3n cami\u00f3n cubas en Lleida\u00bb _builder_version=\u00bb4.18.0&#8243; _module_preset=\u00bbdefault\u00bb hover_enabled=\u00bb0&#8243; global_colors_info=\u00bb{}\u00bb sticky_enabled=\u00bb0&#8243;][\/et_pb_image][\/et_pb_column][\/et_pb_row][\/et_pb_section]<\/p>\n","protected":false},"excerpt":{"rendered":"<p>Reparaci\u00f3n de cubas en Lleida Reparaci\u00f3n de cubas, camiones cuba, cisternas y contenedores para transporte en LleidaEmpresa experta en la reparaci\u00f3n de cubas en Lleida En Taller Vitar Lleida somos expertos en la fabricaci\u00f3n e reparaci\u00f3n de cisternas y remolques cisterna y todo tipo de contenedores met\u00e1licos para transporte en general. Ofrecemos servicios profesionales de [&hellip;]<\/p>\n","protected":false},"author":1,"featured_media":0,"parent":0,"menu_order":0,"comment_status":"closed","ping_status":"closed","template":"","meta":{"_et_pb_use_builder":"on","_et_pb_old_content":"","_et_gb_content_width":"","footnotes":""},"yoast_head":"<!-- This site is optimized with the Yoast SEO plugin v20.2.1 - https:\/\/yoast.com\/wordpress\/plugins\/seo\/ -->\n<title>Reparaci\u00f3n de cubas en Lleida - Taller Vitar<\/title>\n<meta name=\"description\" content=\"Reparaci\u00f3n de cubas en Lleida,Reparaci\u00f3n de cisternas, camiones cuba, depositos met\u00e1licos, contenedores de transporte\" \/>\n<meta name=\"robots\" content=\"index, follow, max-snippet:-1, max-image-preview:large, max-video-preview:-1\" \/>\n<link rel=\"canonical\" href=\"https:\/\/tallervitar.es\/ca\/reparacion-de-cubas-en-lleida\/\" \/>\n<meta property=\"og:locale\" content=\"ca_ES\" \/>\n<meta property=\"og:type\" content=\"article\" \/>\n<meta property=\"og:title\" content=\"Reparaci\u00f3n de cubas en Lleida - Taller Vitar\" \/>\n<meta property=\"og:description\" content=\"Reparaci\u00f3n de cubas en Lleida,Reparaci\u00f3n de cisternas, camiones cuba, depositos met\u00e1licos, contenedores de transporte\" \/>\n<meta property=\"og:url\" content=\"https:\/\/tallervitar.es\/ca\/reparacion-de-cubas-en-lleida\/\" \/>\n<meta property=\"og:site_name\" content=\"Taller Vitar\" \/>\n<meta property=\"article:modified_time\" content=\"2023-07-27T09:43:41+00:00\" \/>\n<meta name=\"twitter:card\" content=\"summary_large_image\" \/>\n<meta name=\"twitter:label1\" content=\"Temps estimat de lectura\" \/>\n\t<meta name=\"twitter:data1\" content=\"2 minuts\" \/>\n<script type=\"application\/ld+json\" class=\"yoast-schema-graph\">{\"@context\":\"https:\/\/schema.org\",\"@graph\":[{\"@type\":\"WebPage\",\"@id\":\"https:\/\/tallervitar.es\/reparacion-de-cubas-en-lleida\",\"url\":\"https:\/\/tallervitar.es\/reparacion-de-cubas-en-lleida\",\"name\":\"Reparaci\u00f3n de cubas en Lleida - Taller Vitar\",\"isPartOf\":{\"@id\":\"https:\/\/tallervitar.es\/#website\"},\"datePublished\":\"2021-06-15T11:04:50+00:00\",\"dateModified\":\"2023-07-27T09:43:41+00:00\",\"description\":\"Reparaci\u00f3n de cubas en Lleida,Reparaci\u00f3n de cisternas, camiones cuba, depositos met\u00e1licos, contenedores de transporte\",\"breadcrumb\":{\"@id\":\"https:\/\/tallervitar.es\/reparacion-de-cubas-en-lleida#breadcrumb\"},\"inLanguage\":\"ca\",\"potentialAction\":[{\"@type\":\"ReadAction\",\"target\":[\"https:\/\/tallervitar.es\/reparacion-de-cubas-en-lleida\"]}]},{\"@type\":\"BreadcrumbList\",\"@id\":\"https:\/\/tallervitar.es\/reparacion-de-cubas-en-lleida#breadcrumb\",\"itemListElement\":[{\"@type\":\"ListItem\",\"position\":1,\"name\":\"Portada\",\"item\":\"https:\/\/tallervitar.es\/\"},{\"@type\":\"ListItem\",\"position\":2,\"name\":\"Reparaci\u00f3n de cubas en Lleida\"}]},{\"@type\":\"WebSite\",\"@id\":\"https:\/\/tallervitar.es\/#website\",\"url\":\"https:\/\/tallervitar.es\/\",\"name\":\"Taller Vitar\",\"description\":\"Fabricaci\u00f3n y reparaci\u00f3n de cisternas\",\"potentialAction\":[{\"@type\":\"SearchAction\",\"target\":{\"@type\":\"EntryPoint\",\"urlTemplate\":\"https:\/\/tallervitar.es\/?s={search_term_string}\"},\"query-input\":\"required name=search_term_string\"}],\"inLanguage\":\"ca\"}]}<\/script>\n<!-- \/ Yoast SEO plugin. -->","yoast_head_json":{"title":"Reparaci\u00f3n de cubas en Lleida - Taller Vitar","description":"Reparaci\u00f3n de cubas en Lleida,Reparaci\u00f3n de cisternas, camiones cuba, depositos met\u00e1licos, contenedores de transporte","robots":{"index":"index","follow":"follow","max-snippet":"max-snippet:-1","max-image-preview":"max-image-preview:large","max-video-preview":"max-video-preview:-1"},"canonical":"https:\/\/tallervitar.es\/ca\/reparacion-de-cubas-en-lleida\/","og_locale":"ca_ES","og_type":"article","og_title":"Reparaci\u00f3n de cubas en Lleida - Taller Vitar","og_description":"Reparaci\u00f3n de cubas en Lleida,Reparaci\u00f3n de cisternas, camiones cuba, depositos met\u00e1licos, contenedores de transporte","og_url":"https:\/\/tallervitar.es\/ca\/reparacion-de-cubas-en-lleida\/","og_site_name":"Taller Vitar","article_modified_time":"2023-07-27T09:43:41+00:00","twitter_card":"summary_large_image","twitter_misc":{"Temps estimat de lectura":"2 minuts"},"schema":{"@context":"https:\/\/schema.org","@graph":[{"@type":"WebPage","@id":"https:\/\/tallervitar.es\/reparacion-de-cubas-en-lleida","url":"https:\/\/tallervitar.es\/reparacion-de-cubas-en-lleida","name":"Reparaci\u00f3n de cubas en Lleida - Taller Vitar","isPartOf":{"@id":"https:\/\/tallervitar.es\/#website"},"datePublished":"2021-06-15T11:04:50+00:00","dateModified":"2023-07-27T09:43:41+00:00","description":"Reparaci\u00f3n de cubas en Lleida,Reparaci\u00f3n de cisternas, camiones cuba, depositos met\u00e1licos, contenedores de transporte","breadcrumb":{"@id":"https:\/\/tallervitar.es\/reparacion-de-cubas-en-lleida#breadcrumb"},"inLanguage":"ca","potentialAction":[{"@type":"ReadAction","target":["https:\/\/tallervitar.es\/reparacion-de-cubas-en-lleida"]}]},{"@type":"BreadcrumbList","@id":"https:\/\/tallervitar.es\/reparacion-de-cubas-en-lleida#breadcrumb","itemListElement":[{"@type":"ListItem","position":1,"name":"Portada","item":"https:\/\/tallervitar.es\/"},{"@type":"ListItem","position":2,"name":"Reparaci\u00f3n de cubas en Lleida"}]},{"@type":"WebSite","@id":"https:\/\/tallervitar.es\/#website","url":"https:\/\/tallervitar.es\/","name":"Taller Vitar","description":"Fabricaci\u00f3n y reparaci\u00f3n de cisternas","potentialAction":[{"@type":"SearchAction","target":{"@type":"EntryPoint","urlTemplate":"https:\/\/tallervitar.es\/?s={search_term_string}"},"query-input":"required name=search_term_string"}],"inLanguage":"ca"}]}},"_links":{"self":[{"href":"https:\/\/tallervitar.es\/ca\/wp-json\/wp\/v2\/pages\/1116"}],"collection":[{"href":"https:\/\/tallervitar.es\/ca\/wp-json\/wp\/v2\/pages"}],"about":[{"href":"https:\/\/tallervitar.es\/ca\/wp-json\/wp\/v2\/types\/page"}],"author":[{"embeddable":true,"href":"https:\/\/tallervitar.es\/ca\/wp-json\/wp\/v2\/users\/1"}],"replies":[{"embeddable":true,"href":"https:\/\/tallervitar.es\/ca\/wp-json\/wp\/v2\/comments?post=1116"}],"version-history":[{"count":8,"href":"https:\/\/tallervitar.es\/ca\/wp-json\/wp\/v2\/pages\/1116\/revisions"}],"predecessor-version":[{"id":1494,"href":"https:\/\/tallervitar.es\/ca\/wp-json\/wp\/v2\/pages\/1116\/revisions\/1494"}],"wp:attachment":[{"href":"https:\/\/tallervitar.es\/ca\/wp-json\/wp\/v2\/media?parent=1116"}],"curies":[{"name":"wp","href":"https:\/\/api.w.org\/{rel}","templated":true}]}}