{"id":1109,"date":"2021-06-15T10:48:38","date_gmt":"2021-06-15T10:48:38","guid":{"rendered":"https:\/\/tallervitar.es\/?page_id=1109"},"modified":"2023-07-27T09:39:52","modified_gmt":"2023-07-27T09:39:52","slug":"puertas-basculantes-de-garaje-en-lleida","status":"publish","type":"page","link":"https:\/\/tallervitar.es\/ca\/puertas-basculantes-de-garaje-en-lleida","title":{"rendered":"Portes basculants de garatge a Lleida"},"content":{"rendered":"<p>[et_pb_section fb_built=\u00bb1&#8243; _builder_version=\u00bb4.16&#8243; _module_preset=\u00bbdefault\u00bb background_image=\u00bbhttps:\/\/tallervitar.es\/wp-content\/uploads\/IMG-20201118-WA0018.jpg\u00bb custom_padding=\u00bb7vh||7vh||true|false\u00bb global_colors_info=\u00bb{}\u00bb][et_pb_row _builder_version=\u00bb4.18.0&#8243; _module_preset=\u00bbdefault\u00bb hover_enabled=\u00bb0&#8243; global_colors_info=\u00bb{}\u00bb sticky_enabled=\u00bb0&#8243;][et_pb_column type=\u00bb4_4&#8243; _builder_version=\u00bb4.16&#8243; _module_preset=\u00bbdefault\u00bb global_colors_info=\u00bb{}\u00bb][et_pb_text _builder_version=\u00bb4.18.0&#8243; _module_preset=\u00bbdefault\u00bb text_text_color=\u00bb#ffffff\u00bb text_font_size=\u00bb20px\u00bb header_font=\u00bb|700||on|||||\u00bb header_text_color=\u00bb#ffffff\u00bb hover_enabled=\u00bb0&#8243; text_text_shadow_style=\u00bbpreset5&#8243; text_text_shadow_color=\u00bb#000000&#8243; header_text_shadow_style=\u00bbpreset2&#8243; global_colors_info=\u00bb{}\u00bb sticky_enabled=\u00bb0&#8243;]<\/p>\n<h1 style=\"text-align: center;\"><strong>Puertas basculantes de garaje en Lleida<\/strong><\/h1>\n<p style=\"text-align: center;\">Fabricamos e instalamos puertas basculantes de garaje en Lleida.<\/p>\n<p>[\/et_pb_text][\/et_pb_column][\/et_pb_row][\/et_pb_section][et_pb_section fb_built=\u00bb1&#8243; _builder_version=\u00bb4.16&#8243; _module_preset=\u00bbdefault\u00bb global_colors_info=\u00bb{}\u00bb][et_pb_row column_structure=\u00bb1_2,1_2&#8243; _builder_version=\u00bb4.16&#8243; _module_preset=\u00bbdefault\u00bb custom_padding=\u00bb||0px|||\u00bb global_colors_info=\u00bb{}\u00bb][et_pb_column type=\u00bb1_2&#8243; _builder_version=\u00bb4.16&#8243; _module_preset=\u00bbdefault\u00bb global_colors_info=\u00bb{}\u00bb][et_pb_text _builder_version=\u00bb4.18.0&#8243; _module_preset=\u00bbdefault\u00bb text_font=\u00bbMontserrat||||||||\u00bb header_2_font=\u00bbLato||||||||\u00bb text_orientation=\u00bbjustified\u00bb hover_enabled=\u00bb0&#8243; global_colors_info=\u00bb{}\u00bb text_font_size=\u00bb15px\u00bb text_line_height=\u00bb2em\u00bb sticky_enabled=\u00bb0&#8243;]<\/p>\n<h2><strong>Las mejores puertas basculantes de garaje en Lleida<\/strong><\/h2>\n<p>Nuestras <strong>puertas basculantes de garaje en Lleida <\/strong>son fabricadas con la experiencia en fabricaci\u00f3n met\u00e1lica e instalaci\u00f3n de este tipo de puertas autom\u00e1ticas de garaje de Taller Vitar.<\/p>\n<p>Las puertas basculantes de garaje que fabricamos tienen varias ventajas:<\/p>\n<ul>\n<li>funcionamiento sencillo,<\/li>\n<li>son silenciosas,<\/li>\n<li>movimientos de deslizamiento suaves<\/li>\n<li>aumentan la seguridad.<\/li>\n<\/ul>\n<p>Estas ventajas se consiguen entre otras cosas por el brazo de palanca que ha sido dise\u00f1ado espec\u00edficamente para cumplir la funci\u00f3n de apertura \u2013 cierre y junto con los cerramientos basculantes realiza los movimientos de la puerta de una manera eficaz.<\/p>\n<p>Las puertas de garaje de Taller Vitar ofrecen durabilidad y fiabilidad.<\/p>\n<p>[\/et_pb_text][\/et_pb_column][et_pb_column type=\u00bb1_2&#8243; _builder_version=\u00bb4.16&#8243; _module_preset=\u00bbdefault\u00bb global_colors_info=\u00bb{}\u00bb][et_pb_text _builder_version=\u00bb4.16&#8243; _module_preset=\u00bbdefault\u00bb global_colors_info=\u00bb{}\u00bb]<\/p>\n<h2>Solicita tu presupuesto sin compromiso para puertas basculantes de garaje en Lleida<\/h2>\n<p>[\/et_pb_text][et_pb_contact_form email=\u00bboficina@tallervitar.com\u00bb success_message=\u00bbGracias por su mensaje.\u00bb module_id=\u00bbet_pb_contact_form_0&#8243; _builder_version=\u00bb4.18.0&#8243; _unique_id=\u00bb98de79a4-6140-4c52-8a16-4bd83cfc4621&#8243; custom_button=\u00bbon\u00bb button_text_size=\u00bb14px\u00bb button_text_color=\u00bb#ffffff\u00bb button_bg_color=\u00bb#E02B20&#8243; button_border_width=\u00bb12px\u00bb button_border_color=\u00bb#E02B20&#8243; button_border_radius=\u00bb2px\u00bb button_letter_spacing=\u00bb0px\u00bb button_font=\u00bbMontserrat|700||on|||||\u00bb global_module=\u00bb1100&#8243; saved_tabs=\u00bball\u00bb global_colors_info=\u00bb{}\u00bb button_border_radius__hover=\u00bb4px\u00bb button_border_radius__hover_enabled=\u00bbon\u00bb][et_pb_contact_field field_id=\u00bbName\u00bb field_title=\u00bbNombre\u00bb _builder_version=\u00bb4.16&#8243; global_colors_info=\u00bb{}\u00bb button_one_text_size__hover_enabled=\u00bboff\u00bb button_two_text_size__hover_enabled=\u00bboff\u00bb button_one_text_color__hover_enabled=\u00bboff\u00bb button_two_text_color__hover_enabled=\u00bboff\u00bb button_one_border_width__hover_enabled=\u00bboff\u00bb button_two_border_width__hover_enabled=\u00bboff\u00bb button_one_border_color__hover_enabled=\u00bboff\u00bb button_two_border_color__hover_enabled=\u00bboff\u00bb button_one_border_radius__hover_enabled=\u00bboff\u00bb button_two_border_radius__hover_enabled=\u00bboff\u00bb button_one_letter_spacing__hover_enabled=\u00bboff\u00bb button_two_letter_spacing__hover_enabled=\u00bboff\u00bb button_one_bg_color__hover_enabled=\u00bboff\u00bb button_two_bg_color__hover_enabled=\u00bboff\u00bb][\/et_pb_contact_field][et_pb_contact_field field_id=\u00bbEmail\u00bb field_title=\u00bbDirecci\u00f3n de correo electr\u00f3nico\u00bb field_type=\u00bbemail\u00bb _builder_version=\u00bb4.16&#8243; global_colors_info=\u00bb{}\u00bb button_one_text_size__hover_enabled=\u00bboff\u00bb button_two_text_size__hover_enabled=\u00bboff\u00bb button_one_text_color__hover_enabled=\u00bboff\u00bb button_two_text_color__hover_enabled=\u00bboff\u00bb button_one_border_width__hover_enabled=\u00bboff\u00bb button_two_border_width__hover_enabled=\u00bboff\u00bb button_one_border_color__hover_enabled=\u00bboff\u00bb button_two_border_color__hover_enabled=\u00bboff\u00bb button_one_border_radius__hover_enabled=\u00bboff\u00bb button_two_border_radius__hover_enabled=\u00bboff\u00bb button_one_letter_spacing__hover_enabled=\u00bboff\u00bb button_two_letter_spacing__hover_enabled=\u00bboff\u00bb button_one_bg_color__hover_enabled=\u00bboff\u00bb button_two_bg_color__hover_enabled=\u00bboff\u00bb][\/et_pb_contact_field][et_pb_contact_field field_id=\u00bbMessage\u00bb field_title=\u00bbMensaje\u00bb field_type=\u00bbtext\u00bb fullwidth_field=\u00bbon\u00bb _builder_version=\u00bb4.16&#8243; global_colors_info=\u00bb{}\u00bb button_one_text_size__hover_enabled=\u00bboff\u00bb button_two_text_size__hover_enabled=\u00bboff\u00bb button_one_text_color__hover_enabled=\u00bboff\u00bb button_two_text_color__hover_enabled=\u00bboff\u00bb button_one_border_width__hover_enabled=\u00bboff\u00bb button_two_border_width__hover_enabled=\u00bboff\u00bb button_one_border_color__hover_enabled=\u00bboff\u00bb button_two_border_color__hover_enabled=\u00bboff\u00bb button_one_border_radius__hover_enabled=\u00bboff\u00bb button_two_border_radius__hover_enabled=\u00bboff\u00bb button_one_letter_spacing__hover_enabled=\u00bboff\u00bb button_two_letter_spacing__hover_enabled=\u00bboff\u00bb button_one_bg_color__hover_enabled=\u00bboff\u00bb button_two_bg_color__hover_enabled=\u00bboff\u00bb][\/et_pb_contact_field][\/et_pb_contact_form][et_pb_image src=\u00bbhttps:\/\/tallervitar.es\/wp-content\/uploads\/puertas-basculantes.jpg\u00bb _builder_version=\u00bb4.18.0&#8243; _module_preset=\u00bbdefault\u00bb hover_enabled=\u00bb0&#8243; sticky_enabled=\u00bb0&#8243;][\/et_pb_image][\/et_pb_column][\/et_pb_row][et_pb_row _builder_version=\u00bb4.18.0&#8243; _module_preset=\u00bbdefault\u00bb global_colors_info=\u00bb{}\u00bb][et_pb_column type=\u00bb4_4&#8243; _builder_version=\u00bb4.18.0&#8243; _module_preset=\u00bbdefault\u00bb global_colors_info=\u00bb{}\u00bb][et_pb_text _builder_version=\u00bb4.18.0&#8243; _module_preset=\u00bbdefault\u00bb text_font=\u00bbMontserrat||||||||\u00bb header_2_font=\u00bbLato||||||||\u00bb hover_enabled=\u00bb0&#8243; global_colors_info=\u00bb{}\u00bb text_font_size=\u00bb15px\u00bb text_line_height=\u00bb2em\u00bb sticky_enabled=\u00bb0&#8243;]<\/p>\n<h2>Seguridad<\/h2>\n<p>Las puertas de garaje basculantes est\u00e1n consideradas como una de las mejores opciones en cuanto a seguridad. Impiden de forma eficiente el acceso al interior a cualquier persona que no est\u00e9 autorizada.<\/p>\n<p>Contacta con nosotros si necesitas una puerta de garaje basculante a medida en Lleida. Te atenderemos de forma personalizada, con un asesoramiento completo, y fabricamos para usted puertas de la mayor calidad. Contacte con nosotros y atenderemos cualquier duda. Encontraremos la mejor puerta de garaje para usted seg\u00fan las necesidades que tenga.<\/p>\n<p>[\/et_pb_text][\/et_pb_column][\/et_pb_row][et_pb_row column_structure=\u00bb1_3,1_3,1_3&#8243; _builder_version=\u00bb4.16&#8243; _module_preset=\u00bbdefault\u00bb global_colors_info=\u00bb{}\u00bb][et_pb_column type=\u00bb1_3&#8243; _builder_version=\u00bb4.16&#8243; _module_preset=\u00bbdefault\u00bb global_colors_info=\u00bb{}\u00bb][et_pb_image src=\u00bbhttps:\/\/tallervitar.es\/wp-content\/uploads\/puerta-basculante.jpg\u00bb alt=\u00bbPuertas basculantes de garaje en Lleida\u00bb title_text=\u00bbPuertas basculantes de garaje en Lleida\u00bb _builder_version=\u00bb4.18.0&#8243; _module_preset=\u00bbdefault\u00bb hover_enabled=\u00bb0&#8243; global_colors_info=\u00bb{}\u00bb sticky_enabled=\u00bb0&#8243;][\/et_pb_image][\/et_pb_column][et_pb_column type=\u00bb1_3&#8243; _builder_version=\u00bb4.16&#8243; _module_preset=\u00bbdefault\u00bb global_colors_info=\u00bb{}\u00bb][et_pb_image src=\u00bbhttps:\/\/tallervitar.es\/wp-content\/uploads\/puerta-garaje-basculante.png\u00bb alt=\u00bbPuertas basculantes de garaje en Lleida\u00bb title_text=\u00bbPuertas basculantes de garaje en Lleida\u00bb _builder_version=\u00bb4.18.0&#8243; _module_preset=\u00bbdefault\u00bb hover_enabled=\u00bb0&#8243; global_colors_info=\u00bb{}\u00bb sticky_enabled=\u00bb0&#8243;][\/et_pb_image][\/et_pb_column][et_pb_column type=\u00bb1_3&#8243; _builder_version=\u00bb4.16&#8243; _module_preset=\u00bbdefault\u00bb global_colors_info=\u00bb{}\u00bb][et_pb_image src=\u00bbhttps:\/\/tallervitar.es\/wp-content\/uploads\/puertas-basculantes-residenciales.jpg\u00bb _builder_version=\u00bb4.18.0&#8243; _module_preset=\u00bbdefault\u00bb hover_enabled=\u00bb0&#8243; global_colors_info=\u00bb{}\u00bb alt=\u00bbPuertas basculantes de garaje en Lleida\u00bb title_text=\u00bbPuertas basculantes de garaje en Lleida\u00bb sticky_enabled=\u00bb0&#8243;][\/et_pb_image][\/et_pb_column][\/et_pb_row][et_pb_row _builder_version=\u00bb4.16&#8243; _module_preset=\u00bbdefault\u00bb global_colors_info=\u00bb{}\u00bb][et_pb_column type=\u00bb4_4&#8243; _builder_version=\u00bb4.16&#8243; _module_preset=\u00bbdefault\u00bb global_colors_info=\u00bb{}\u00bb][et_pb_text _builder_version=\u00bb4.18.0&#8243; _module_preset=\u00bbdefault\u00bb text_font=\u00bbMontserrat||||||||\u00bb header_2_font=\u00bbLato||||||||\u00bb header_3_font=\u00bbLato||||||||\u00bb width=\u00bb100%\u00bb max_width=\u00bb1400px\u00bb module_alignment=\u00bbcenter\u00bb custom_padding=\u00bb1em||1em||true|false\u00bb hover_enabled=\u00bb0&#8243; global_colors_info=\u00bb{}\u00bb text_font_size=\u00bb15px\u00bb text_line_height=\u00bb2em\u00bb sticky_enabled=\u00bb0&#8243;]<\/p>\n<h3><strong>Todo tipo de puertas de garage basculantes<\/strong><\/h3>\n<p><strong>Taller vitar<\/strong> permite, adem\u00e1s, llevar a cabo un servicio profesional de reparaci\u00f3n completa y revisi\u00f3n de todo tipo de camiones cisterna. Por esto, la correcta trayectoria, dedicaci\u00f3n y esmero profesional, nos abala ante nuestros clientes satisfechos de un trabajo profesional.<\/p>\n<p>Nuestra empresa lleva m\u00e1s de dos d\u00e9cadas, debido a ello trabajamos con profesionalidad y aportando las \u00faltimas innovaciones en nuestro sector. Por ello nos diferenciamos de otras empresas buscando las mejores soluciones y las mas correctas para cada cliente.<\/p>\n<p>Estamos en la poblaci\u00f3n de T\u00e1rrega a pocos Kil\u00f3metros de <strong>Lleida<\/strong>, donde le ofrecemos todo nuestro esmero y profesionalidad para su empresa.<\/p>\n<p>Existen diferentes tipos de puertas basculantes que pueden ser utilizadas para diferentes prop\u00f3sitos. Las puertas basculantes m\u00e1s comunes son las que se abren hacia arriba, con un mecanismo de contrapeso que las mantiene en su lugar cuando est\u00e1n abiertas. Tambi\u00e9n hay puertas basculantes que se deslizan horizontalmente, similares a las puertas correderas, y otras que se pliegan en secciones.<\/p>\n<p>Adem\u00e1s, las puertas basculantes pueden ser fabricadas en diferentes materiales, como madera, acero o aluminio, y pueden tener diferentes acabados y dise\u00f1os para adaptarse a la est\u00e9tica de cualquier propiedad. Tambi\u00e9n pueden incluir caracter\u00edsticas de seguridad, como cerraduras de alta resistencia y sistemas de apertura controlados.<\/p>\n<p>Es importante tener en cuenta que, para garantizar la seguridad y el correcto funcionamiento de cualquier tipo de puerta basculante, es necesario que sea instalada por profesionales capacitados y que se realice un mantenimiento regular para asegurar su \u00f3ptimo rendimiento.<\/p>\n<p>[\/et_pb_text][\/et_pb_column][\/et_pb_row][et_pb_row column_structure=\u00bb1_2,1_2&#8243; _builder_version=\u00bb4.16&#8243; _module_preset=\u00bbdefault\u00bb global_colors_info=\u00bb{}\u00bb][et_pb_column type=\u00bb1_2&#8243; _builder_version=\u00bb4.16&#8243; _module_preset=\u00bbdefault\u00bb global_colors_info=\u00bb{}\u00bb][et_pb_text _builder_version=\u00bb4.18.0&#8243; _module_preset=\u00bbdefault\u00bb text_font=\u00bbMontserrat||||||||\u00bb hover_enabled=\u00bb0&#8243; global_colors_info=\u00bb{}\u00bb text_font_size=\u00bb15px\u00bb text_line_height=\u00bb2em\u00bb sticky_enabled=\u00bb0&#8243;]<\/p>\n<p style=\"text-align: center;\">Si quiere obtener m\u00e1s informaci\u00f3n sobre nuestros diferentes servicios visite el enlace que encontrar\u00e1 seguidamente:<\/p>\n<p>[\/et_pb_text][et_pb_button button_url=\u00bb@ET-DC@eyJkeW5hbWljIjp0cnVlLCJjb250ZW50IjoicG9zdF9saW5rX3VybF9wYWdlIiwic2V0dGluZ3MiOnsicG9zdF9pZCI6IjgwIn19@\u00bb button_text=\u00bbNuestros servicios\u00bb button_alignment=\u00bbcenter\u00bb _builder_version=\u00bb4.18.0&#8243; _dynamic_attributes=\u00bbbutton_url\u00bb _module_preset=\u00bbdefault\u00bb custom_button=\u00bbon\u00bb button_text_size=\u00bb14px\u00bb button_text_color=\u00bb#ffffff\u00bb button_bg_color=\u00bbgcid-9ea60c38-93e4-435e-b5f5-40df36f7ffc6&#8243; button_border_width=\u00bb12px\u00bb button_border_color=\u00bbgcid-9ea60c38-93e4-435e-b5f5-40df36f7ffc6&#8243; button_border_radius=\u00bb2px\u00bb button_letter_spacing=\u00bb0px\u00bb button_font=\u00bbMontserrat|700||on|||||\u00bb custom_margin=\u00bb30px|||\u00bb custom_padding=\u00bb|||\u00bb button_border_radius_hover=\u00bb4px\u00bb locked=\u00bboff\u00bb global_colors_info=\u00bb{%22gcid-9ea60c38-93e4-435e-b5f5-40df36f7ffc6%22:%91%22button_bg_color%22,%22button_border_color%22%93}\u00bb button_text_size__hover_enabled=\u00bboff\u00bb button_one_text_size__hover_enabled=\u00bboff\u00bb button_two_text_size__hover_enabled=\u00bboff\u00bb button_text_color__hover_enabled=\u00bboff\u00bb button_one_text_color__hover_enabled=\u00bboff\u00bb button_two_text_color__hover_enabled=\u00bboff\u00bb button_border_width__hover_enabled=\u00bboff\u00bb button_one_border_width__hover_enabled=\u00bboff\u00bb button_two_border_width__hover_enabled=\u00bboff\u00bb button_border_color__hover_enabled=\u00bboff\u00bb button_one_border_color__hover_enabled=\u00bboff\u00bb button_two_border_color__hover_enabled=\u00bboff\u00bb button_border_radius__hover_enabled=\u00bbon\u00bb button_border_radius__hover=\u00bb4px\u00bb button_one_border_radius__hover_enabled=\u00bboff\u00bb button_two_border_radius__hover_enabled=\u00bboff\u00bb button_letter_spacing__hover_enabled=\u00bboff\u00bb button_one_letter_spacing__hover_enabled=\u00bboff\u00bb button_two_letter_spacing__hover_enabled=\u00bboff\u00bb button_bg_color__hover_enabled=\u00bboff\u00bb button_one_bg_color__hover_enabled=\u00bboff\u00bb button_two_bg_color__hover_enabled=\u00bboff\u00bb][\/et_pb_button][\/et_pb_column][et_pb_column type=\u00bb1_2&#8243; _builder_version=\u00bb4.16&#8243; _module_preset=\u00bbdefault\u00bb global_colors_info=\u00bb{}\u00bb][et_pb_text _builder_version=\u00bb4.18.0&#8243; _module_preset=\u00bbdefault\u00bb text_font=\u00bbMontserrat||||||||\u00bb hover_enabled=\u00bb0&#8243; global_colors_info=\u00bb{}\u00bb text_font_size=\u00bb15px\u00bb text_line_height=\u00bb2em\u00bb sticky_enabled=\u00bb0&#8243;]<\/p>\n<p style=\"text-align: center;\">Estaremos encantados de atenderle, por lo tanto, no dude en contactar con nosotros con sus dudas:<\/p>\n<p>[\/et_pb_text][et_pb_button button_text=\u00bbContacta con nosotros\u00bb button_alignment=\u00bbcenter\u00bb _builder_version=\u00bb4.18.0&#8243; _module_preset=\u00bbdefault\u00bb custom_button=\u00bbon\u00bb button_text_size=\u00bb14px\u00bb button_text_color=\u00bb#ffffff\u00bb button_bg_color=\u00bb#E02B20&#8243; button_border_width=\u00bb12px\u00bb button_border_color=\u00bb#E02B20&#8243; button_border_radius=\u00bb2px\u00bb button_letter_spacing=\u00bb0px\u00bb button_font=\u00bbMontserrat|700||on|||||\u00bb custom_margin=\u00bb30px||15px|||\u00bb custom_padding=\u00bb|||\u00bb button_border_radius_hover=\u00bb4px\u00bb locked=\u00bboff\u00bb global_colors_info=\u00bb{}\u00bb button_text_size__hover_enabled=\u00bboff\u00bb button_one_text_size__hover_enabled=\u00bboff\u00bb button_two_text_size__hover_enabled=\u00bboff\u00bb button_text_color__hover_enabled=\u00bboff\u00bb button_one_text_color__hover_enabled=\u00bboff\u00bb button_two_text_color__hover_enabled=\u00bboff\u00bb button_border_width__hover_enabled=\u00bboff\u00bb button_one_border_width__hover_enabled=\u00bboff\u00bb button_two_border_width__hover_enabled=\u00bboff\u00bb button_border_color__hover_enabled=\u00bboff\u00bb button_one_border_color__hover_enabled=\u00bboff\u00bb button_two_border_color__hover_enabled=\u00bboff\u00bb button_border_radius__hover_enabled=\u00bbon\u00bb button_border_radius__hover=\u00bb4px\u00bb button_one_border_radius__hover_enabled=\u00bboff\u00bb button_two_border_radius__hover_enabled=\u00bboff\u00bb button_letter_spacing__hover_enabled=\u00bboff\u00bb button_one_letter_spacing__hover_enabled=\u00bboff\u00bb button_two_letter_spacing__hover_enabled=\u00bboff\u00bb button_bg_color__hover_enabled=\u00bboff\u00bb button_one_bg_color__hover_enabled=\u00bboff\u00bb button_two_bg_color__hover_enabled=\u00bboff\u00bb][\/et_pb_button][\/et_pb_column][\/et_pb_row][\/et_pb_section]<\/p>\n","protected":false},"excerpt":{"rendered":"<p>Puertas basculantes de garaje en Lleida Fabricamos e instalamos puertas basculantes de garaje en Lleida.Las mejores puertas basculantes de garaje en Lleida Nuestras puertas basculantes de garaje en Lleida son fabricadas con la experiencia en fabricaci\u00f3n met\u00e1lica e instalaci\u00f3n de este tipo de puertas autom\u00e1ticas de garaje de Taller Vitar. Las puertas basculantes de garaje [&hellip;]<\/p>\n","protected":false},"author":1,"featured_media":0,"parent":0,"menu_order":0,"comment_status":"closed","ping_status":"closed","template":"","meta":{"_et_pb_use_builder":"on","_et_pb_old_content":"","_et_gb_content_width":"","footnotes":""},"yoast_head":"<!-- This site is optimized with the Yoast SEO plugin v20.2.1 - https:\/\/yoast.com\/wordpress\/plugins\/seo\/ -->\n<title>Puertas basculantes de garaje en Lleida - Taller Vitar<\/title>\n<meta name=\"description\" content=\"Puertas basculantes de garaje en Lleida fabricaci\u00f3n e instalaci\u00f3n de puertas met\u00e1licas autom\u00e1ticas y manuales en Lleida.\" \/>\n<meta name=\"robots\" content=\"index, follow, max-snippet:-1, max-image-preview:large, max-video-preview:-1\" \/>\n<link rel=\"canonical\" href=\"https:\/\/tallervitar.es\/ca\/puertas-basculantes-de-garaje-en-lleida\/\" \/>\n<meta property=\"og:locale\" content=\"ca_ES\" \/>\n<meta property=\"og:type\" content=\"article\" \/>\n<meta property=\"og:title\" content=\"Puertas basculantes de garaje en Lleida - Taller Vitar\" \/>\n<meta property=\"og:description\" content=\"Puertas basculantes de garaje en Lleida fabricaci\u00f3n e instalaci\u00f3n de puertas met\u00e1licas autom\u00e1ticas y manuales en Lleida.\" \/>\n<meta property=\"og:url\" content=\"https:\/\/tallervitar.es\/ca\/puertas-basculantes-de-garaje-en-lleida\/\" \/>\n<meta property=\"og:site_name\" content=\"Taller Vitar\" \/>\n<meta property=\"article:modified_time\" content=\"2023-07-27T09:39:52+00:00\" \/>\n<meta name=\"twitter:card\" content=\"summary_large_image\" \/>\n<meta name=\"twitter:label1\" content=\"Temps estimat de lectura\" \/>\n\t<meta name=\"twitter:data1\" content=\"4 minuts\" \/>\n<script type=\"application\/ld+json\" class=\"yoast-schema-graph\">{\"@context\":\"https:\/\/schema.org\",\"@graph\":[{\"@type\":\"WebPage\",\"@id\":\"https:\/\/tallervitar.es\/puertas-basculantes-de-garaje-en-lleida\",\"url\":\"https:\/\/tallervitar.es\/puertas-basculantes-de-garaje-en-lleida\",\"name\":\"Puertas basculantes de garaje en Lleida - Taller Vitar\",\"isPartOf\":{\"@id\":\"https:\/\/tallervitar.es\/#website\"},\"datePublished\":\"2021-06-15T10:48:38+00:00\",\"dateModified\":\"2023-07-27T09:39:52+00:00\",\"description\":\"Puertas basculantes de garaje en Lleida fabricaci\u00f3n e instalaci\u00f3n de puertas met\u00e1licas autom\u00e1ticas y manuales en Lleida.\",\"breadcrumb\":{\"@id\":\"https:\/\/tallervitar.es\/puertas-basculantes-de-garaje-en-lleida#breadcrumb\"},\"inLanguage\":\"ca\",\"potentialAction\":[{\"@type\":\"ReadAction\",\"target\":[\"https:\/\/tallervitar.es\/puertas-basculantes-de-garaje-en-lleida\"]}]},{\"@type\":\"BreadcrumbList\",\"@id\":\"https:\/\/tallervitar.es\/puertas-basculantes-de-garaje-en-lleida#breadcrumb\",\"itemListElement\":[{\"@type\":\"ListItem\",\"position\":1,\"name\":\"Portada\",\"item\":\"https:\/\/tallervitar.es\/\"},{\"@type\":\"ListItem\",\"position\":2,\"name\":\"Puertas basculantes de garaje en Lleida\"}]},{\"@type\":\"WebSite\",\"@id\":\"https:\/\/tallervitar.es\/#website\",\"url\":\"https:\/\/tallervitar.es\/\",\"name\":\"Taller Vitar\",\"description\":\"Fabricaci\u00f3n y reparaci\u00f3n de cisternas\",\"potentialAction\":[{\"@type\":\"SearchAction\",\"target\":{\"@type\":\"EntryPoint\",\"urlTemplate\":\"https:\/\/tallervitar.es\/?s={search_term_string}\"},\"query-input\":\"required name=search_term_string\"}],\"inLanguage\":\"ca\"}]}<\/script>\n<!-- \/ Yoast SEO plugin. -->","yoast_head_json":{"title":"Puertas basculantes de garaje en Lleida - Taller Vitar","description":"Puertas basculantes de garaje en Lleida fabricaci\u00f3n e instalaci\u00f3n de puertas met\u00e1licas autom\u00e1ticas y manuales en Lleida.","robots":{"index":"index","follow":"follow","max-snippet":"max-snippet:-1","max-image-preview":"max-image-preview:large","max-video-preview":"max-video-preview:-1"},"canonical":"https:\/\/tallervitar.es\/ca\/puertas-basculantes-de-garaje-en-lleida\/","og_locale":"ca_ES","og_type":"article","og_title":"Puertas basculantes de garaje en Lleida - Taller Vitar","og_description":"Puertas basculantes de garaje en Lleida fabricaci\u00f3n e instalaci\u00f3n de puertas met\u00e1licas autom\u00e1ticas y manuales en Lleida.","og_url":"https:\/\/tallervitar.es\/ca\/puertas-basculantes-de-garaje-en-lleida\/","og_site_name":"Taller Vitar","article_modified_time":"2023-07-27T09:39:52+00:00","twitter_card":"summary_large_image","twitter_misc":{"Temps estimat de lectura":"4 minuts"},"schema":{"@context":"https:\/\/schema.org","@graph":[{"@type":"WebPage","@id":"https:\/\/tallervitar.es\/puertas-basculantes-de-garaje-en-lleida","url":"https:\/\/tallervitar.es\/puertas-basculantes-de-garaje-en-lleida","name":"Puertas basculantes de garaje en Lleida - Taller Vitar","isPartOf":{"@id":"https:\/\/tallervitar.es\/#website"},"datePublished":"2021-06-15T10:48:38+00:00","dateModified":"2023-07-27T09:39:52+00:00","description":"Puertas basculantes de garaje en Lleida fabricaci\u00f3n e instalaci\u00f3n de puertas met\u00e1licas autom\u00e1ticas y manuales en Lleida.","breadcrumb":{"@id":"https:\/\/tallervitar.es\/puertas-basculantes-de-garaje-en-lleida#breadcrumb"},"inLanguage":"ca","potentialAction":[{"@type":"ReadAction","target":["https:\/\/tallervitar.es\/puertas-basculantes-de-garaje-en-lleida"]}]},{"@type":"BreadcrumbList","@id":"https:\/\/tallervitar.es\/puertas-basculantes-de-garaje-en-lleida#breadcrumb","itemListElement":[{"@type":"ListItem","position":1,"name":"Portada","item":"https:\/\/tallervitar.es\/"},{"@type":"ListItem","position":2,"name":"Puertas basculantes de garaje en Lleida"}]},{"@type":"WebSite","@id":"https:\/\/tallervitar.es\/#website","url":"https:\/\/tallervitar.es\/","name":"Taller Vitar","description":"Fabricaci\u00f3n y reparaci\u00f3n de cisternas","potentialAction":[{"@type":"SearchAction","target":{"@type":"EntryPoint","urlTemplate":"https:\/\/tallervitar.es\/?s={search_term_string}"},"query-input":"required name=search_term_string"}],"inLanguage":"ca"}]}},"_links":{"self":[{"href":"https:\/\/tallervitar.es\/ca\/wp-json\/wp\/v2\/pages\/1109"}],"collection":[{"href":"https:\/\/tallervitar.es\/ca\/wp-json\/wp\/v2\/pages"}],"about":[{"href":"https:\/\/tallervitar.es\/ca\/wp-json\/wp\/v2\/types\/page"}],"author":[{"embeddable":true,"href":"https:\/\/tallervitar.es\/ca\/wp-json\/wp\/v2\/users\/1"}],"replies":[{"embeddable":true,"href":"https:\/\/tallervitar.es\/ca\/wp-json\/wp\/v2\/comments?post=1109"}],"version-history":[{"count":23,"href":"https:\/\/tallervitar.es\/ca\/wp-json\/wp\/v2\/pages\/1109\/revisions"}],"predecessor-version":[{"id":1493,"href":"https:\/\/tallervitar.es\/ca\/wp-json\/wp\/v2\/pages\/1109\/revisions\/1493"}],"wp:attachment":[{"href":"https:\/\/tallervitar.es\/ca\/wp-json\/wp\/v2\/media?parent=1109"}],"curies":[{"name":"wp","href":"https:\/\/api.w.org\/{rel}","templated":true}]}}